{"id":111,"date":"2026-04-14T09:01:28","date_gmt":"2026-04-14T09:01:28","guid":{"rendered":"https:\/\/fi88.host\/?page_id=111"},"modified":"2026-04-14T09:01:28","modified_gmt":"2026-04-14T09:01:28","slug":"xo-so-fi88","status":"publish","type":"page","link":"https:\/\/fi88.host\/index.php\/xo-so-fi88\/","title":{"rendered":"X\u1ed5 S\u1ed1 FI88"},"content":{"rendered":"<h1 style=\"text-align: center;\"><b>X\u1ed5 S\u1ed1 FI88 \u2013 S\u1ea3nh C\u01b0\u1ee3c L\u00f4 \u0110\u1ec1 Uy T\u00edn V\u1edbi T\u1ef7 L\u1ec7 \u0102n Cao<\/b><\/h1>\n<p><a href=\"https:\/\/fi88.host\/xo-so-fi88\/\"><b>X\u1ed5 s\u1ed1 FI88<\/b><\/a><span style=\"font-weight: 400;\"> \u0111ang kh\u1eb3ng \u0111\u1ecbnh v\u1ecb th\u1ebf d\u1eabn \u0111\u1ea7u tr\u00ean th\u1ecb tr\u01b0\u1eddng gi\u1ea3i tr\u00ed tr\u1ef1c tuy\u1ebfn nh\u1edd v\u00e0o s\u1ef1 \u0111a d\u1ea1ng trong c\u00e1c lo\u1ea1i h\u00ecnh quay s\u1ed1 m\u1edf th\u01b0\u1edfng. Ng\u01b0\u1eddi tham gia kh\u00f4ng ch\u1ec9 \u0111\u01b0\u1ee3c tr\u1ea3i nghi\u1ec7m c\u1ea3m gi\u00e1c h\u1ed3i h\u1ed9p theo t\u1eebng nh\u1ecbp quay m\u00e0 c\u00f2n c\u00f3 c\u01a1 h\u1ed9i nh\u1eadn v\u1ec1 nh\u1eefng kho\u1ea3n l\u1ee3i nhu\u1eadn kh\u1ed5ng l\u1ed3 nh\u1edd c\u01a1 ch\u1ebf tr\u1ea3 th\u01b0\u1edfng linh ho\u1ea1t. M\u1ecdi quy tr\u00ecnh v\u1eadn h\u00e0nh t\u1ea1i \u0111\u00e2y \u0111\u1ec1u \u0111\u01b0\u1ee3c gi\u00e1m s\u00e1t ch\u1eb7t ch\u1ebd nh\u1eb1m b\u1ea3o v\u1ec7 quy\u1ec1n l\u1ee3i t\u1ed1i \u01b0u cho t\u1ea5t c\u1ea3 c\u00e1c h\u1ed9i vi\u00ean khi tin t\u01b0\u1edfng \u0111\u1ed3ng h\u00e0nh c\u00f9ng <\/span><a href=\"https:\/\/fi88.host\/\"><b>FI88<\/b><\/a><span style=\"font-weight: 400;\">.<\/span><\/p>\n<h2><b>T\u1ed5ng quan v\u1ec1 s\u1ea3nh c\u01b0\u1ee3c x\u1ed5 s\u1ed1 FI88 h\u1ea5p d\u1eabn<\/b><\/h2>\n<figure id=\"attachment_129\" aria-describedby=\"caption-attachment-129\" style=\"width: 800px\" class=\"wp-caption aligncenter\"><img loading=\"lazy\" decoding=\"async\" class=\"size-full wp-image-129\" src=\"https:\/\/fi88.host\/wp-content\/uploads\/2026\/04\/tim-hieu-net-doc-dao-tai-xo-so-fi88.webp\" alt=\"T\u00ecm hi\u1ec3u n\u00e9t \u0111\u1ed9c \u0111\u00e1o t\u1ea1i x\u1ed5 s\u1ed1 FI88\" width=\"800\" height=\"400\" srcset=\"https:\/\/fi88.host\/wp-content\/uploads\/2026\/04\/tim-hieu-net-doc-dao-tai-xo-so-fi88.webp 800w, https:\/\/fi88.host\/wp-content\/uploads\/2026\/04\/tim-hieu-net-doc-dao-tai-xo-so-fi88-300x150.webp 300w, https:\/\/fi88.host\/wp-content\/uploads\/2026\/04\/tim-hieu-net-doc-dao-tai-xo-so-fi88-768x384.webp 768w\" sizes=\"auto, (max-width: 800px) 100vw, 800px\" \/><figcaption id=\"caption-attachment-129\" class=\"wp-caption-text\">T\u00ecm hi\u1ec3u n\u00e9t \u0111\u1ed9c \u0111\u00e1o t\u1ea1i x\u1ed5 s\u1ed1 FI88<\/figcaption><\/figure>\n<p><span style=\"font-weight: 400;\">Khi b\u01b0\u1edbc ch\u00e2n v\u00e0o th\u1ebf gi\u1edbi c\u1ee7a <\/span><b>x\u1ed5 s\u1ed1 FI88<\/b><span style=\"font-weight: 400;\">, ng\u01b0\u1eddi ch\u01a1i s\u1ebd l\u1eadp t\u1ee9c b\u1ecb \u1ea5n t\u01b0\u1ee3ng b\u1edfi giao di\u1ec7n tr\u1ef1c quan c\u00f9ng danh m\u1ee5c s\u1ea3n ph\u1ea9m phong ph\u00fa t\u1eeb truy\u1ec1n th\u1ed1ng \u0111\u1ebfn hi\u1ec7n \u0111\u1ea1i. H\u1ec7 th\u1ed1ng t\u00edch h\u1ee3p c\u00e1c s\u1ea3nh quay t\u1eeb ba mi\u1ec1n B\u1eafc, Trung, Nam c\u00f9ng nhi\u1ec1u lo\u1ea1i h\u00ecnh x\u1ed5 s\u1ed1 si\u00eau t\u1ed1c v\u1edbi th\u1eddi gian m\u1edf th\u01b0\u1edfng ch\u1ec9 t\u00ednh b\u1eb1ng gi\u00e2y.\u00a0<\/span><\/p>\n<p><span style=\"font-weight: 400;\">D\u01b0\u1edbi \u0111\u00e2y l\u00e0 b\u1ea3ng th\u1ed1ng k\u00ea chi ti\u1ebft v\u1ec1 c\u00e1c lo\u1ea1i h\u00ecnh \u0111\u1eb7t c\u01b0\u1ee3c ph\u1ed5 bi\u1ebfn c\u00f9ng m\u1ee9c l\u1ee3i nhu\u1eadn m\u00e0 h\u1ed9i vi\u00ean c\u00f3 th\u1ec3 nh\u1eadn \u0111\u01b0\u1ee3c khi gi\u00e0nh chi\u1ebfn th\u1eafng t\u1ea1i s\u1ea3nh n\u00e0y:<\/span><\/p>\n<table>\n<tbody>\n<tr>\n<td><span style=\"font-weight: 400;\">Lo\u1ea1i h\u00ecnh x\u1ed5 s\u1ed1<\/span><\/td>\n<td><span style=\"font-weight: 400;\">H\u00ecnh th\u1ee9c \u0111\u1eb7t c\u01b0\u1ee3c<\/span><\/td>\n<td><span style=\"font-weight: 400;\">T\u1ef7 l\u1ec7 tr\u1ea3 th\u01b0\u1edfng<\/span><\/td>\n<td><span style=\"font-weight: 400;\">Th\u1eddi gian quay th\u01b0\u1edfng<\/span><\/td>\n<\/tr>\n<tr>\n<td><span style=\"font-weight: 400;\">X\u1ed5 s\u1ed1 3 mi\u1ec1n<\/span><\/td>\n<td><span style=\"font-weight: 400;\">Bao l\u00f4 2 s\u1ed1<\/span><\/td>\n<td><span style=\"font-weight: 400;\">1 \u0103n 99.5<\/span><\/td>\n<td><span style=\"font-weight: 400;\">Theo l\u1ecbch nh\u00e0 n\u01b0\u1edbc<\/span><\/td>\n<\/tr>\n<tr>\n<td><span style=\"font-weight: 400;\">X\u1ed5 s\u1ed1 3 mi\u1ec1n<\/span><\/td>\n<td><span style=\"font-weight: 400;\">\u0110\u1ec1 \u0111\u1ea7u \u0111u\u00f4i<\/span><\/td>\n<td><span style=\"font-weight: 400;\">1 \u0103n 99<\/span><\/td>\n<td><span style=\"font-weight: 400;\">Theo l\u1ecbch nh\u00e0 n\u01b0\u1edbc<\/span><\/td>\n<\/tr>\n<tr>\n<td><span style=\"font-weight: 400;\">X\u1ed5 s\u1ed1 si\u00eau t\u1ed1c<\/span><\/td>\n<td><span style=\"font-weight: 400;\">1 gi\u00e2y &#8211; 45 gi\u00e2y<\/span><\/td>\n<td><span style=\"font-weight: 400;\">1 \u0103n 98.2<\/span><\/td>\n<td><span style=\"font-weight: 400;\">Li\u00ean t\u1ee5c 24\/7<\/span><\/td>\n<\/tr>\n<tr>\n<td><span style=\"font-weight: 400;\">X\u1ed5 s\u1ed1 si\u00eau t\u1ed1c<\/span><\/td>\n<td><span style=\"font-weight: 400;\">1 ph\u00fat &#8211; 5 ph\u00fat<\/span><\/td>\n<td><span style=\"font-weight: 400;\">1 \u0103n 99<\/span><\/td>\n<td><span style=\"font-weight: 400;\">Li\u00ean t\u1ee5c 24\/7<\/span><\/td>\n<\/tr>\n<tr>\n<td><span style=\"font-weight: 400;\">L\u00f4 xi\u00ean<\/span><\/td>\n<td><span style=\"font-weight: 400;\">Xi\u00ean 2 &#8211; Xi\u00ean 3<\/span><\/td>\n<td><span style=\"font-weight: 400;\">1 \u0103n 17 &#8211; 1 \u0103n 74<\/span><\/td>\n<td><span style=\"font-weight: 400;\">Theo k\u1ef3 quay<\/span><\/td>\n<\/tr>\n<tr>\n<td><span style=\"font-weight: 400;\">Ba c\u00e0ng &#8211; B\u1ed1n c\u00e0ng<\/span><\/td>\n<td><span style=\"font-weight: 400;\">\u0110\u00e1nh 3 s\u1ed1 &#8211; 4 s\u1ed1<\/span><\/td>\n<td><span style=\"font-weight: 400;\">1 \u0103n 970 &#8211; 1 \u0103n 9000<\/span><\/td>\n<td><span style=\"font-weight: 400;\">Theo k\u1ef3 quay<\/span><\/td>\n<\/tr>\n<\/tbody>\n<\/table>\n<p><span style=\"font-weight: 400;\">Vi\u1ec7c cung c\u1ea5p m\u1ee9c th\u01b0\u1edfng cao h\u01a1n m\u1eb7t b\u1eb1ng chung th\u1ecb tr\u01b0\u1eddng kho\u1ea3ng 15% \u0111\u00e3 gi\u00fap s\u1ea3nh c\u01b0\u1ee3c n\u00e0y tr\u1edf th\u00e0nh th\u1ecfi nam ch\u00e2m thu h\u00fat h\u00e0ng tri\u1ec7u l\u01b0\u1ee3t t\u00ecm ki\u1ebfm m\u1ed7i ng\u00e0y. Kh\u00f4ng ch\u1ec9 d\u1eebng l\u1ea1i \u1edf c\u00e1c con s\u1ed1, h\u1ec7 th\u1ed1ng c\u00f2n cung c\u1ea5p nh\u1eefng th\u00f4ng tin nh\u1eadn \u0111\u1ecbnh chuy\u00ean s\u00e2u gi\u00fap ng\u01b0\u1eddi ch\u01a1i c\u00f3 th\u00eam c\u01a1 s\u1edf d\u1eef li\u1ec7u \u0111\u1ec3 \u0111\u01b0a ra c\u00e1c quy\u1ebft \u0111\u1ecbnh \u0111\u1eb7t c\u01b0\u1ee3c chu\u1ea9n x\u00e1c nh\u1ea5t.<\/span><\/p>\n<h2><b>\u01afu \u0111i\u1ec3m khi ch\u01a1i x\u1ed5 s\u1ed1 FI88 m\u1ed7i ng\u00e0y<\/b><\/h2>\n<figure id=\"attachment_128\" aria-describedby=\"caption-attachment-128\" style=\"width: 800px\" class=\"wp-caption aligncenter\"><img loading=\"lazy\" decoding=\"async\" class=\"size-full wp-image-128\" src=\"https:\/\/fi88.host\/wp-content\/uploads\/2026\/04\/nhung-loi-the-dac-biet-cho-nguoi-tham-gia.webp\" alt=\"Nh\u1eefng l\u1ee3i th\u1ebf \u0111\u1eb7c bi\u1ec7t cho ng\u01b0\u1eddi tham gia\" width=\"800\" height=\"400\" srcset=\"https:\/\/fi88.host\/wp-content\/uploads\/2026\/04\/nhung-loi-the-dac-biet-cho-nguoi-tham-gia.webp 800w, https:\/\/fi88.host\/wp-content\/uploads\/2026\/04\/nhung-loi-the-dac-biet-cho-nguoi-tham-gia-300x150.webp 300w, https:\/\/fi88.host\/wp-content\/uploads\/2026\/04\/nhung-loi-the-dac-biet-cho-nguoi-tham-gia-768x384.webp 768w\" sizes=\"auto, (max-width: 800px) 100vw, 800px\" \/><figcaption id=\"caption-attachment-128\" class=\"wp-caption-text\">Nh\u1eefng l\u1ee3i th\u1ebf \u0111\u1eb7c bi\u1ec7t cho ng\u01b0\u1eddi tham gia<\/figcaption><\/figure>\n<p><span style=\"font-weight: 400;\">N\u1ec1n t\u1ea3ng t\u00edch h\u1ee3p c\u00f4ng ngh\u1ec7 m\u00e3 h\u00f3a d\u1eef li\u1ec7u ti\u00ean ti\u1ebfn gi\u00fap b\u1ea3o m\u1eadt th\u00f4ng tin c\u00e1 nh\u00e2n c\u1ee7a kh\u00e1ch h\u00e0ng m\u1ed9t c\u00e1ch tuy\u1ec7t \u0111\u1ed1i tr\u01b0\u1edbc m\u1ecdi s\u1ef1 x\u00e2m nh\u1eadp tr\u00e1i ph\u00e9p. Nh\u1eefng \u0111i\u1ec3m m\u1ea1nh c\u1ed1t l\u00f5i d\u01b0\u1edbi \u0111\u00e2y ch\u00ednh l\u00e0 l\u00fd do khi\u1ebfn s\u00e2n ch\u01a1i n\u00e0y lu\u00f4n gi\u1eef v\u1eefng \u0111\u01b0\u1ee3c phong \u0111\u1ed9 v\u00e0 s\u1ef1 tin y\u00eau t\u1eeb c\u1ed9ng \u0111\u1ed3ng ng\u01b0\u1eddi ch\u01a1i:<\/span><\/p>\n<ul>\n<li style=\"font-weight: 400;\" aria-level=\"1\"><span style=\"font-weight: 400;\">T\u1ef7 l\u1ec7 chi tr\u1ea3 th\u01b0\u1edfng t\u1ea1i s\u1ea3nh <\/span><b>x\u1ed5 s\u1ed1 FI88<\/b><span style=\"font-weight: 400;\"> lu\u00f4n duy tr\u00ec \u1edf m\u1ee9c cao b\u1eadc nh\u1ea5t th\u1ecb tr\u01b0\u1eddng v\u1edbi con s\u1ed1 l\u00ean \u0111\u1ebfn 1 \u0103n 99 cho nhi\u1ec1u h\u1ea1ng m\u1ee5c kh\u00e1c nhau.<\/span><\/li>\n<li style=\"font-weight: 400;\" aria-level=\"1\"><span style=\"font-weight: 400;\">Giao di\u1ec7n s\u1ea3nh c\u01b0\u1ee3c \u0111\u01b0\u1ee3c thi\u1ebft k\u1ebf t\u1ed1i gi\u1ea3n nh\u01b0ng v\u1eabn gi\u1eef \u0111\u01b0\u1ee3c s\u1ef1 tinh t\u1ebf v\u00e0 sang tr\u1ecdng gi\u00fap ng\u01b0\u1eddi d\u00f9ng d\u1ec5 d\u00e0ng thao t\u00e1c ngay t\u1eeb l\u1ea7n \u0111\u1ea7u truy c\u1eadp v\u00e0o h\u1ec7 th\u1ed1ng.<\/span><\/li>\n<li style=\"font-weight: 400;\" aria-level=\"1\"><span style=\"font-weight: 400;\">\u0110\u1ed9i ng\u0169 chuy\u00ean gia h\u1ed7 tr\u1ee3 kh\u00e1ch h\u00e0ng c\u1ee7a nh\u00e0 c\u00e1i lu\u00f4n t\u00fac tr\u1ef1c 24\/7 \u0111\u1ec3 gi\u1ea3i \u0111\u00e1p m\u1ecdi th\u1eafc m\u1eafc v\u00e0 x\u1eed l\u00fd c\u00e1c v\u1ea5n \u0111\u1ec1 ph\u00e1t sinh trong qu\u00e1 tr\u00ecnh \u0111\u1eb7t ti\u1ec1n.<\/span><\/li>\n<li style=\"font-weight: 400;\" aria-level=\"1\"><span style=\"font-weight: 400;\">S\u1ef1 \u0111a d\u1ea1ng v\u1ec1 m\u1ee9c c\u01b0\u1ee3c cho ph\u00e9p ng\u01b0\u1eddi ch\u01a1i linh ho\u1ea1t trong vi\u1ec7c qu\u1ea3n l\u00fd ng\u00e2n s\u00e1ch c\u00e1 nh\u00e2n t\u1eeb nh\u1eefng kho\u1ea3n ti\u1ec1n nh\u1ecf nh\u1ea5t \u0111\u1ebfn c\u00e1c m\u1ee9c \u0111\u1ea7u t\u01b0 l\u1edbn h\u01a1n.<\/span><\/li>\n<\/ul>\n<h2><b>Chi\u1ebfn thu\u1eadt th\u1eafng l\u1edbn t\u1ea1i x\u1ed5 s\u1ed1 FI88 d\u1ec5 d\u00e0ng<\/b><\/h2>\n<figure id=\"attachment_127\" aria-describedby=\"caption-attachment-127\" style=\"width: 800px\" class=\"wp-caption aligncenter\"><img loading=\"lazy\" decoding=\"async\" class=\"size-full wp-image-127\" src=\"https:\/\/fi88.host\/wp-content\/uploads\/2026\/04\/ky-nang-soi-cau-hieu-qua-cho-hoi-vien.webp\" alt=\"K\u1ef9 n\u0103ng soi c\u1ea7u hi\u1ec7u qu\u1ea3 cho h\u1ed9i vi\u00ean\" width=\"800\" height=\"400\" srcset=\"https:\/\/fi88.host\/wp-content\/uploads\/2026\/04\/ky-nang-soi-cau-hieu-qua-cho-hoi-vien.webp 800w, https:\/\/fi88.host\/wp-content\/uploads\/2026\/04\/ky-nang-soi-cau-hieu-qua-cho-hoi-vien-300x150.webp 300w, https:\/\/fi88.host\/wp-content\/uploads\/2026\/04\/ky-nang-soi-cau-hieu-qua-cho-hoi-vien-768x384.webp 768w\" sizes=\"auto, (max-width: 800px) 100vw, 800px\" \/><figcaption id=\"caption-attachment-127\" class=\"wp-caption-text\">K\u1ef9 n\u0103ng soi c\u1ea7u hi\u1ec7u qu\u1ea3 cho h\u1ed9i vi\u00ean<\/figcaption><\/figure>\n<p><span style=\"font-weight: 400;\">Vi\u1ec7c \u00e1p d\u1ee5ng c\u00e1c ph\u01b0\u01a1ng ph\u00e1p th\u1ed1ng k\u00ea x\u00e1c su\u1ea5t chuy\u00ean s\u00e2u s\u1ebd gi\u00fap ng\u01b0\u1eddi ch\u01a1i n\u00e2ng cao t\u1ef7 l\u1ec7 d\u1ef1 \u0111o\u00e1n \u0111\u00fang c\u00e1c con s\u1ed1 may m\u1eafn trong k\u1ef3 quay t\u1edbi.\u0110\u1ec3 g\u1eb7t h\u00e1i \u0111\u01b0\u1ee3c nh\u1eefng th\u00e0nh c\u00f4ng vang d\u1ed9i, b\u1ea1n c\u1ea7n trang b\u1ecb cho m\u00ecnh m\u1ed9t l\u1ed9 tr\u00ecnh \u0111\u1ea7u t\u01b0 b\u00e0i b\u1ea3n v\u00e0 nh\u1eefng b\u00ed quy\u1ebft \u0111\u01b0\u1ee3c \u0111\u00fac k\u1ebft t\u1eeb c\u00e1c cao th\u1ee7 <\/span><b>x\u1ed5 s\u1ed1 FI88<\/b><span style=\"font-weight: 400;\"> l\u00e2u n\u0103m.<\/span><\/p>\n<h3><b>B\u00ed quy\u1ebft soi c\u1ea7u ch\u00ednh x\u00e1c<\/b><\/h3>\n<p><span style=\"font-weight: 400;\">Ng\u01b0\u1eddi ch\u01a1i <\/span><b>x\u1ed5 s\u1ed1 FI88 <\/b><span style=\"font-weight: 400;\">n\u00ean t\u1eadn d\u1ee5ng c\u00e1c c\u00f4ng c\u1ee5 th\u1ed1ng k\u00ea hi\u1ec7n \u0111\u1ea1i \u0111\u1ec3 ph\u00e2n t\u00edch chu k\u1ef3 c\u1ee7a t\u1eebng con s\u1ed1 nh\u1eb1m t\u00ecm ra quy lu\u1eadt bi\u1ebfn thi\u00ean ch\u00ednh x\u00e1c nh\u1ea5t. Vi\u1ec7c b\u00e1m s\u00e1t c\u00e1c b\u1ea3ng k\u1ebft qu\u1ea3 t\u1eeb nhi\u1ec1u ng\u00e0y tr\u01b0\u1edbc \u0111\u00f3 s\u1ebd gi\u00fap b\u1ea1n nh\u1eadn di\u1ec7n \u0111\u01b0\u1ee3c nh\u1eefng b\u1ed9 s\u1ed1 ti\u1ec1m n\u0103ng nh\u1ea5t cho l\u1ea7n quay ti\u1ebfp theo.<\/span><\/p>\n<h3><b>Qu\u1ea3n l\u00fd v\u1ed1n th\u00f4ng minh nh\u1ea5t<\/b><\/h3>\n<p><span style=\"font-weight: 400;\">Chi\u1ebfn thu\u1eadt ph\u00e2n b\u1ed5 ng\u00e2n s\u00e1ch \u0111\u00f3ng vai tr\u00f2 then ch\u1ed1t gi\u00fap b\u1ea1n duy tr\u00ec cu\u1ed9c ch\u01a1i l\u00e2u d\u00e0i m\u00e0 kh\u00f4ng g\u1eb7p ph\u1ea3i \u00e1p l\u1ef1c v\u1ec1 m\u1eb7t t\u00e0i ch\u00ednh qu\u00e1 l\u1edbn. B\u1ea1n n\u00ean chia nh\u1ecf s\u1ed1 ti\u1ec1n c\u01b0\u1ee3c v\u00e0o nhi\u1ec1u h\u1ea1ng m\u1ee5c kh\u00e1c nhau \u0111\u1ec3 gi\u1ea3m thi\u1ec3u r\u1ee7i ro v\u00e0 t\u0103ng kh\u1ea3 n\u0103ng thu h\u1ed3i v\u1ed1n trong tr\u01b0\u1eddng h\u1ee3p kh\u00f4ng may m\u1eafn.\u00a0<\/span><\/p>\n<h3><b>Tr\u1ea3i nghi\u1ec7m x\u1ed5 s\u1ed1 FI88 di \u0111\u1ed9ng<\/b><\/h3>\n<p><span style=\"font-weight: 400;\">\u1ee8ng d\u1ee5ng tr\u00ean \u0111i\u1ec7n tho\u1ea1i cung c\u1ea5p tr\u1ea3i nghi\u1ec7m \u0111\u1eb7t c\u01b0\u1ee3c m\u01b0\u1ee3t m\u00e0 v\u1edbi t\u1ed1c \u0111\u1ed9 load nhanh ch\u00f3ng gi\u00fap ng\u01b0\u1eddi ch\u01a1i kh\u00f4ng b\u1ecf l\u1ee1 b\u1ea5t k\u1ef3 khung gi\u1edd v\u00e0ng n\u00e0o. M\u1ecdi t\u00ednh n\u0103ng t\u1eeb n\u1ea1p ti\u1ec1n \u0111\u1ebfn soi c\u1ea7u \u0111\u1ec1u \u0111\u01b0\u1ee3c t\u00edch h\u1ee3p \u0111\u1ea7y \u0111\u1ee7 trong l\u00f2ng b\u00e0n tay mang l\u1ea1i s\u1ef1 thu\u1eadn ti\u1ec7n t\u1ed1i \u0111a cho ng\u01b0\u1eddi d\u00f9ng b\u1eadn r\u1ed9n.\u00a0<\/span><\/p>\n<h3><b>L\u01b0u \u00fd khi ch\u1ecdn s\u1ed1<\/b><\/h3>\n<p><span style=\"font-weight: 400;\">H\u1ed9i vi\u00ean tuy\u1ec7t \u0111\u1ed1i kh\u00f4ng n\u00ean d\u1ed3n to\u00e0n b\u1ed9 ngu\u1ed3n l\u1ef1c v\u00e0o m\u1ed9t con s\u1ed1 duy nh\u1ea5t m\u00e0 h\u00e3y c\u00e2n nh\u1eafc vi\u1ec7c nu\u00f4i khung trong kho\u1ea3ng th\u1eddi gian t\u1eeb ba \u0111\u1ebfn n\u0103m ng\u00e0y. Ph\u01b0\u01a1ng ph\u00e1p n\u00e0y gi\u00fap gia t\u0103ng x\u00e1c su\u1ea5t tr\u00fang th\u01b0\u1edfng \u0111\u1ed3ng th\u1eddi \u0111\u1ea3m b\u1ea3o an to\u00e0n cho ngu\u1ed3n v\u1ed1n c\u01b0\u1ee3c c\u1ee7a b\u1ea1n tr\u01b0\u1edbc nh\u1eefng bi\u1ebfn \u0111\u1ed9ng c\u1ee7a k\u1ebft qu\u1ea3.\u00a0<\/span><\/p>\n<h2><b>K\u1ebft lu\u1eadn<\/b><\/h2>\n<p><b>X\u1ed5 s\u1ed1 FI88<\/b><span style=\"font-weight: 400;\"> l\u00e0 l\u1ef1a ch\u1ecdn ho\u00e0n h\u1ea3o cho nh\u1eefng ai \u0111ang t\u00ecm ki\u1ebfm m\u1ed9t \u0111\u1ecba ch\u1ec9 gi\u1ea3i tr\u00ed an to\u00e0n v\u00e0 c\u00f3 t\u1ef7 l\u1ec7 l\u1ee3i nhu\u1eadn c\u1ef1c cao tr\u00ean th\u1ecb tr\u01b0\u1eddng. S\u1ef1 \u0111\u1ea7u t\u01b0 b\u00e0i b\u1ea3n v\u1ec1 m\u1eb7t c\u00f4ng ngh\u1ec7 c\u00f9ng d\u1ecbch v\u1ee5 ch\u0103m s\u00f3c kh\u00e1ch h\u00e0ng chuy\u00ean nghi\u1ec7p \u0111\u00e3 gi\u00fap th\u01b0\u01a1ng hi\u1ec7u kh\u1eb3ng \u0111\u1ecbnh v\u1ecb th\u1ebf v\u1eefng ch\u1eafc trong l\u00f2ng gi\u1edbi m\u1ed9 \u0111i\u1ec7u. H\u00e3y nhanh tay tham gia \u0111\u0103ng k\u00fd t\u00e0i kho\u1ea3n t\u1ea1i <\/span><b>FI88<\/b><span style=\"font-weight: 400;\"> ngay h\u00f4m nay \u0111\u1ec3 nh\u1eadn \u0111\u01b0\u1ee3c nh\u1eefng \u01b0u \u0111\u00e3i \u0111\u1eb7c quy\u1ec1n v\u00e0 b\u1eaft \u0111\u1ea7u h\u00e0nh tr\u00ecnh chinh ph\u1ee5c nh\u1eefng gi\u1ea3i th\u01b0\u1edfng gi\u00e1 tr\u1ecb nh\u1ea5t.<\/span><\/p>\n","protected":false},"excerpt":{"rendered":"<p>X\u1ed5 S\u1ed1 FI88 \u2013 S\u1ea3nh C\u01b0\u1ee3c L\u00f4 \u0110\u1ec1 Uy T\u00edn V\u1edbi T\u1ef7 L\u1ec7 \u0102n Cao X\u1ed5 s\u1ed1 FI88 \u0111ang kh\u1eb3ng \u0111\u1ecbnh v\u1ecb th\u1ebf d\u1eabn \u0111\u1ea7u tr\u00ean th\u1ecb tr\u01b0\u1eddng gi\u1ea3i tr\u00ed tr\u1ef1c tuy\u1ebfn nh\u1edd v\u00e0o s\u1ef1 \u0111a d\u1ea1ng trong c\u00e1c lo\u1ea1i h\u00ecnh quay s\u1ed1 m\u1edf th\u01b0\u1edfng. Ng\u01b0\u1eddi tham gia kh\u00f4ng ch\u1ec9 \u0111\u01b0\u1ee3c tr\u1ea3i nghi\u1ec7m c\u1ea3m gi\u00e1c [&#8230;]\n","protected":false},"author":1,"featured_media":130,"parent":0,"menu_order":0,"comment_status":"closed","ping_status":"closed","template":"","meta":{"footnotes":""},"class_list":["post-111","page","type-page","status-publish","has-post-thumbnail","hentry"],"_links":{"self":[{"href":"https:\/\/fi88.host\/index.php\/wp-json\/wp\/v2\/pages\/111","targetHints":{"allow":["GET"]}}],"collection":[{"href":"https:\/\/fi88.host\/index.php\/wp-json\/wp\/v2\/pages"}],"about":[{"href":"https:\/\/fi88.host\/index.php\/wp-json\/wp\/v2\/types\/page"}],"author":[{"embeddable":true,"href":"https:\/\/fi88.host\/index.php\/wp-json\/wp\/v2\/users\/1"}],"replies":[{"embeddable":true,"href":"https:\/\/fi88.host\/index.php\/wp-json\/wp\/v2\/comments?post=111"}],"version-history":[{"count":2,"href":"https:\/\/fi88.host\/index.php\/wp-json\/wp\/v2\/pages\/111\/revisions"}],"predecessor-version":[{"id":132,"href":"https:\/\/fi88.host\/index.php\/wp-json\/wp\/v2\/pages\/111\/revisions\/132"}],"wp:featuredmedia":[{"embeddable":true,"href":"https:\/\/fi88.host\/index.php\/wp-json\/wp\/v2\/media\/130"}],"wp:attachment":[{"href":"https:\/\/fi88.host\/index.php\/wp-json\/wp\/v2\/media?parent=111"}],"curies":[{"name":"wp","href":"https:\/\/api.w.org\/{rel}","templated":true}]}}