{"id":112,"date":"2026-04-14T09:03:12","date_gmt":"2026-04-14T09:03:12","guid":{"rendered":"https:\/\/fi88.host\/?page_id=112"},"modified":"2026-04-14T09:03:12","modified_gmt":"2026-04-14T09:03:12","slug":"no-hu-fi88","status":"publish","type":"page","link":"https:\/\/fi88.host\/index.php\/no-hu-fi88\/","title":{"rendered":"N\u1ed5 H\u0169 FI88"},"content":{"rendered":"<h1 style=\"text-align: center;\"><b>N\u1ed5 H\u0169 FI88 &#8211; S\u1ea3nh Quay H\u0169 \u0110\u1ed5i Th\u01b0\u1edfng \u0110\u1eb3ng C\u1ea5p Nh\u1ea5t 2026<\/b><\/h1>\n<p><a href=\"https:\/\/fi88.host\/no-hu-fi88\/\"><b>N\u1ed5 h\u0169 FI88<\/b><\/a><span style=\"font-weight: 400;\"> lu\u00f4n duy tr\u00ec v\u1ecb th\u1ebf d\u1eabn \u0111\u1ea7u tr\u00ean th\u1ecb tr\u01b0\u1eddng c\u00e1 c\u01b0\u1ee3c tr\u1ef1c tuy\u1ebfn. M\u1ecdi v\u00f2ng quay t\u1ea1i \u0111\u00e2y kh\u00f4ng ch\u1ec9 mang l\u1ea1i c\u1ea3m gi\u00e1c h\u1ed3i h\u1ed9p \u0111\u1ea7y ph\u1ea5n kh\u00edch m\u00e0 c\u00f2n m\u1edf ra nh\u1eefng c\u01a1 h\u1ed9i s\u1edf h\u1eefu ph\u1ea7n th\u01b0\u1edfng t\u00edch l\u0169y l\u00ean \u0111\u1ebfn h\u00e0ng t\u1ef7 \u0111\u1ed3ng. \u0110\u00e2y ch\u00ednh l\u00e0 \u0111i\u1ec3m \u0111\u1ebfn l\u00fd t\u01b0\u1edfng \u0111\u1ec3 anh em c\u01b0\u1ee3c th\u1ee7 hi\u1ec7n th\u1ef1c h\u00f3a gi\u1ea5c m\u01a1 l\u00e0m gi\u00e0u nhanh ch\u00f3ng th\u00f4ng qua c\u00e1c s\u1ea3nh game \u0111a d\u1ea1ng c\u1ee7a th\u01b0\u01a1ng hi\u1ec7u <\/span><a href=\"https:\/\/fi88.host\/\"><b>FI88<\/b><\/a><span style=\"font-weight: 400;\">.<\/span><\/p>\n<h2><b>Nh\u1eefng gi\u00e1 tr\u1ecb c\u1ed1t l\u00f5i l\u00e0m n\u00ean t\u00ean tu\u1ed5i n\u1ed5 h\u0169 FI88<\/b><\/h2>\n<figure id=\"attachment_136\" aria-describedby=\"caption-attachment-136\" style=\"width: 800px\" class=\"wp-caption aligncenter\"><img loading=\"lazy\" decoding=\"async\" class=\"size-full wp-image-136\" src=\"https:\/\/fi88.host\/wp-content\/uploads\/2026\/04\/nhung-uu-the-doc-ban-cua-no-hu-fi88.webp\" alt=\"Nh\u1eefng \u01b0u th\u1ebf \u0111\u1ed9c b\u1ea3n c\u1ee7a n\u1ed5 h\u0169 FI88\" width=\"800\" height=\"400\" srcset=\"https:\/\/fi88.host\/wp-content\/uploads\/2026\/04\/nhung-uu-the-doc-ban-cua-no-hu-fi88.webp 800w, https:\/\/fi88.host\/wp-content\/uploads\/2026\/04\/nhung-uu-the-doc-ban-cua-no-hu-fi88-300x150.webp 300w, https:\/\/fi88.host\/wp-content\/uploads\/2026\/04\/nhung-uu-the-doc-ban-cua-no-hu-fi88-768x384.webp 768w\" sizes=\"auto, (max-width: 800px) 100vw, 800px\" \/><figcaption id=\"caption-attachment-136\" class=\"wp-caption-text\">Nh\u1eefng \u01b0u th\u1ebf \u0111\u1ed9c b\u1ea3n c\u1ee7a n\u1ed5 h\u0169 FI88<\/figcaption><\/figure>\n<p><span style=\"font-weight: 400;\">S\u00e2n ch\u01a1i <\/span><b>n\u1ed5 h\u0169 FI88<\/b><span style=\"font-weight: 400;\"> li\u00ean t\u1ee5c c\u1eadp nh\u1eadt nh\u1eefng xu h\u01b0\u1edbng c\u00f4ng ngh\u1ec7 m\u1edbi nh\u1ea5t \u0111\u1ec3 \u0111\u1ea3m b\u1ea3o r\u1eb1ng m\u1ed7i l\u01b0\u1ee3t quay c\u1ee7a kh\u00e1ch h\u00e0ng \u0111\u1ec1u di\u1ec5n ra m\u01b0\u1ee3t m\u00e0 v\u00e0 c\u00f4ng b\u1eb1ng tuy\u1ec7t \u0111\u1ed1i. H\u1ec7 th\u1ed1ng m\u00e1y ch\u1ee7 \u0111\u01b0\u1ee3c \u0111\u1eb7t t\u1ea1i c\u00e1c trung t\u00e2m d\u1eef li\u1ec7u hi\u1ec7n \u0111\u1ea1i gi\u00fap lo\u1ea1i b\u1ecf ho\u00e0n to\u00e0n t\u00ecnh tr\u1ea1ng gi\u1eadt lag hay can thi\u1ec7p v\u00e0o k\u1ebft qu\u1ea3 t\u1eeb ph\u00eda t\u00e1c \u0111\u1ed9ng ngo\u1ea1i c\u1ea3nh.<\/span><\/p>\n<h3><b>\u0110\u1ed3 h\u1ecda 3D s\u1ed1ng \u0111\u1ed9ng<\/b><\/h3>\n<p><span style=\"font-weight: 400;\">Nh\u1eefng t\u1ef1a game t\u1ea1i <\/span><b>n\u1ed5 h\u0169 FI88<\/b><span style=\"font-weight: 400;\"> \u0111\u01b0\u1ee3c \u0111\u1ea7u t\u01b0 k\u1ef9 l\u01b0\u1ee1ng v\u1ec1 m\u1eb7t h\u00ecnh \u1ea3nh v\u1edbi c\u00e1c hi\u1ec7u \u1ee9ng chuy\u1ec3n \u0111\u1ed9ng ph\u1ee9c t\u1ea1p c\u00f9ng \u00e2m thanh \u0111a t\u1ea7ng s\u1ed1ng \u0111\u1ed9ng mang l\u1ea1i c\u1ea3m gi\u00e1c ch\u00e2n th\u1ef1c nh\u01b0 \u0111ang \u0111\u1ee9ng gi\u1eefa s\u00f2ng b\u00e0i Macau.\u00a0<\/span><\/p>\n<h3><b>T\u1ef7 l\u1ec7 tr\u1ea3 th\u01b0\u1edfng cao<\/b><\/h3>\n<p><span style=\"font-weight: 400;\">M\u1ed9t trong nh\u1eefng \u0111i\u1ec3m nh\u1ea5n \u1ea5n t\u01b0\u1ee3ng thu h\u00fat ng\u01b0\u1eddi ch\u01a1i ch\u00ednh l\u00e0 ch\u1ec9 s\u1ed1 ho\u00e0n tr\u1ea3 RTP lu\u00f4n duy tr\u00ec \u1edf m\u1ee9c dao \u0111\u1ed9ng t\u1eeb 96% \u0111\u1ebfn 98% t\u00f9y theo t\u1eebng \u0111\u1ea7u game c\u1ee5 th\u1ec3. Vi\u1ec7c thi\u1ebft l\u1eadp bi\u00ean l\u1ee3i nhu\u1eadn th\u1ea5p cho nh\u00e0 c\u00e1i \u0111\u1ed3ng ngh\u0129a v\u1edbi vi\u1ec7c c\u01a1 h\u1ed9i chi\u1ebfn th\u1eafng c\u1ee7a game th\u1ee7 \u0111\u01b0\u1ee3c \u0111\u1ea9y l\u00ean m\u1ee9c t\u1ed1i \u0111a.<\/span><\/p>\n<h3><b>B\u1ea3o m\u1eadt d\u1eef li\u1ec7u t\u1ed1i \u01b0u<\/b><\/h3>\n<p><span style=\"font-weight: 400;\">To\u00e0n b\u1ed9 th\u00f4ng tin c\u00e1 nh\u00e2n v\u00e0 l\u1ecbch s\u1eed giao d\u1ecbch c\u1ee7a game th\u1ee7 \u0111\u1ec1u \u0111\u01b0\u1ee3c m\u00e3 h\u00f3a b\u1eb1ng c\u00f4ng ngh\u1ec7 SSL 256-bit hi\u1ec7n \u0111\u1ea1i nh\u1ea5t. S\u1ef1 an to\u00e0n v\u1ec1 m\u1eb7t ph\u00e1p l\u00fd v\u00e0 b\u1ea3o m\u1eadt ch\u00ednh l\u00e0 n\u1ec1n t\u1ea3ng v\u1eefng ch\u1eafc gi\u00fap ng\u01b0\u1eddi d\u00f9ng c\u00f3 th\u1ec3 ho\u00e0n to\u00e0n y\u00ean t\u00e2m d\u1ed3n to\u00e0n b\u1ed9 s\u1ef1 t\u1eadp trung v\u00e0o vi\u1ec7c t\u00ednh to\u00e1n c\u00e1c chi\u1ebfn thu\u1eadt quay h\u0169.<\/span><\/p>\n<h2><b>Kh\u00e1m ph\u00e1 danh m\u1ee5c s\u1ea3nh game \u0111\u1eb3ng c\u1ea5p n\u1ed5 h\u0169 FI88<\/b><\/h2>\n<figure id=\"attachment_138\" aria-describedby=\"caption-attachment-138\" style=\"width: 800px\" class=\"wp-caption aligncenter\"><img loading=\"lazy\" decoding=\"async\" class=\"size-full wp-image-138\" src=\"https:\/\/fi88.host\/wp-content\/uploads\/2026\/04\/phan-tich-cac-sanh-cuoc-duoc-yeu-thich.webp\" alt=\"Ph\u00e2n t\u00edch c\u00e1c s\u1ea3nh c\u01b0\u1ee3c \u0111\u01b0\u1ee3c y\u00eau th\u00edch\" width=\"800\" height=\"400\" srcset=\"https:\/\/fi88.host\/wp-content\/uploads\/2026\/04\/phan-tich-cac-sanh-cuoc-duoc-yeu-thich.webp 800w, https:\/\/fi88.host\/wp-content\/uploads\/2026\/04\/phan-tich-cac-sanh-cuoc-duoc-yeu-thich-300x150.webp 300w, https:\/\/fi88.host\/wp-content\/uploads\/2026\/04\/phan-tich-cac-sanh-cuoc-duoc-yeu-thich-768x384.webp 768w\" sizes=\"auto, (max-width: 800px) 100vw, 800px\" \/><figcaption id=\"caption-attachment-138\" class=\"wp-caption-text\">Ph\u00e2n t\u00edch c\u00e1c s\u1ea3nh c\u01b0\u1ee3c \u0111\u01b0\u1ee3c y\u00eau th\u00edch<\/figcaption><\/figure>\n<p><span style=\"font-weight: 400;\">S\u1ef1 \u0111a d\u1ea1ng trong h\u1ec7 sinh th\u00e1i tr\u00f2 ch\u01a1i t\u1ea1i <\/span><b>n\u1ed5 h\u0169 FI88<\/b><span style=\"font-weight: 400;\"> \u0111\u01b0\u1ee3c h\u00ecnh th\u00e0nh t\u1eeb m\u1ed1i quan h\u1ec7 h\u1ee3p t\u00e1c chi\u1ebfn l\u01b0\u1ee3c gi\u1eefa \u0111\u01a1n v\u1ecb qu\u1ea3n l\u00fd v\u00e0 nh\u1eefng nh\u00e0 ph\u00e1t h\u00e0nh ph\u1ea7n m\u1ec1m gi\u1ea3i tr\u00ed h\u00e0ng \u0111\u1ea7u th\u1ebf gi\u1edbi. M\u1ed7i ph\u00e2n khu l\u1ea1i mang \u0111\u1ebfn m\u1ed9t phong c\u00e1ch tr\u1ea3i nghi\u1ec7m ri\u00eang bi\u1ec7t, t\u1eeb nh\u1eefng v\u00f2ng quay mang \u0111\u1eadm h\u01a1i th\u1edf c\u1ed5 \u0111i\u1ec3n \u0111\u1ebfn c\u00e1c tr\u00f2 ch\u01a1i slot video c\u00f3 c\u1ed1t truy\u1ec7n chi\u1ec1u s\u00e2u \u0111\u1ea7y l\u00f4i cu\u1ed1n.<\/span><\/p>\n<h3><b>S\u1ea3nh quay h\u0169 Jili \u0111\u1ed9c \u0111\u00e1o<\/b><\/h3>\n<p><span style=\"font-weight: 400;\">Ph\u00e2n khu n\u00e0y n\u1ed5i ti\u1ebfng v\u1edbi c\u00e1c tr\u00f2 ch\u01a1i c\u00f3 l\u1ed1i ch\u01a1i \u0111\u01a1n gi\u1ea3n nh\u01b0ng c\u1ef1c k\u1ef3 d\u1ec5 n\u1ed5 h\u0169 l\u1edbn. V\u1edbi s\u1ef1 xu\u1ea5t hi\u1ec7n c\u1ee7a c\u00e1c bi\u1ec3u t\u01b0\u1ee3ng Wild v\u00e0 Scatter xu\u1ea5t hi\u1ec7n li\u00ean t\u1ee5c, ng\u01b0\u1eddi ch\u01a1i s\u1ebd c\u00f3 th\u00eam nhi\u1ec1u c\u01a1 h\u1ed9i nh\u1eadn v\u1ec1 c\u00e1c v\u00f2ng quay mi\u1ec5n ph\u00ed \u0111\u1ec3 nh\u00e2n b\u1ed9i l\u1ee3i nhu\u1eadn.<\/span><\/p>\n<h3><b>Tr\u00f2 ch\u01a1i slot PG Soft<\/b><\/h3>\n<p><span style=\"font-weight: 400;\">N\u1ebfu b\u1ea1n l\u00e0 ng\u01b0\u1eddi y\u00eau th\u00edch nh\u1eefng giao di\u1ec7n m\u00e0n h\u00ecnh d\u1ecdc t\u1ed1i \u01b0u cho thi\u1ebft b\u1ecb di \u0111\u1ed9ng th\u00ec s\u1ea3nh game n\u00e0y ch\u00ednh l\u00e0 s\u1ef1 l\u1ef1a ch\u1ecdn kh\u00f4ng th\u1ec3 b\u1ecf qua v\u1edbi h\u00e0ng tr\u0103m ch\u1ee7 \u0111\u1ec1 \u0111\u1eb7c s\u1eafc. C\u00e1c thu\u1eadt to\u00e1n t\u1ea1i \u0111\u00e2y \u0111\u01b0\u1ee3c thi\u1ebft k\u1ebf \u0111\u1ec3 t\u1ea1o ra nh\u1eefng chu\u1ed7i th\u1eafng li\u00ean ho\u00e0n, gi\u00fap t\u1ed5ng s\u1ed1 ti\u1ec1n th\u01b0\u1edfng nh\u1eadn \u0111\u01b0\u1ee3c sau m\u1ed7i v\u00e1n \u0111\u1ea5u t\u0103ng v\u1ecdt theo c\u1ea5p s\u1ed1 nh\u00e2n khi\u1ebfn ng\u01b0\u1eddi ch\u01a1i v\u00f4 c\u00f9ng ph\u1ea5n kh\u00edch khi tham gia t\u1ea1i <\/span><b>FI88<\/b><span style=\"font-weight: 400;\">.<\/span><\/p>\n<h3><b>Tr\u1ea3i nghi\u1ec7m quay n\u1ed5 h\u0169 FI88<\/b><\/h3>\n<p><span style=\"font-weight: 400;\">\u0110\u00e2y l\u00e0 khu v\u1ef1c t\u1eadp h\u1ee3p nh\u1eefng \u0111\u1ea7u game \u0111\u1ed9c quy\u1ec1n \u0111\u01b0\u1ee3c thi\u1ebft k\u1ebf ri\u00eang bi\u1ec7t \u0111\u1ec3 ph\u00f9 h\u1ee3p v\u1edbi th\u1ecb hi\u1ebfu v\u00e0 th\u00f3i quen gi\u1ea3i tr\u00ed c\u1ee7a c\u1ed9ng \u0111\u1ed3ng ng\u01b0\u1eddi ch\u01a1i t\u1ea1i khu v\u1ef1c \u0110\u00f4ng Nam \u00c1. M\u1ecdi chi ti\u1ebft t\u1eeb ng\u00f4n ng\u1eef, bi\u1ec3u t\u01b0\u1ee3ng \u0111\u1ebfn m\u1ee9c \u0111\u1eb7t c\u01b0\u1ee3c \u0111\u1ec1u \u0111\u01b0\u1ee3c t\u1ed1i \u01b0u h\u00f3a \u0111\u1ec3 \u0111\u1ea3m b\u1ea3o b\u1ea5t k\u1ef3 ai c\u0169ng c\u00f3 th\u1ec3 d\u1ec5 d\u00e0ng ti\u1ebfp c\u1eadn.<\/span><\/p>\n<h3><b>Jackpot l\u0169y ti\u1ebfn Spadegaming<\/b><\/h3>\n<p><span style=\"font-weight: 400;\">S\u1ee9c h\u1ea5p d\u1eabn c\u1ee7a s\u1ea3nh c\u01b0\u1ee3c n\u00e0y n\u1eb1m \u1edf nh\u1eefng h\u0169 th\u01b0\u1edfng mang gi\u00e1 tr\u1ecb kh\u1ed5ng l\u1ed3 \u0111\u01b0\u1ee3c t\u00edch l\u0169y t\u1eeb m\u1ed9t ph\u1ea7n ti\u1ec1n c\u01b0\u1ee3c c\u1ee7a h\u00e0ng tri\u1ec7u th\u00e0nh vi\u00ean tham gia trong h\u1ec7 th\u1ed1ng li\u00ean k\u1ebft. Ch\u1ec9 c\u1ea7n m\u1ed9t ch\u00fat may m\u1eafn c\u1ed9ng v\u1edbi vi\u1ec7c ch\u1ecdn \u0111\u00fang th\u1eddi \u0111i\u1ec3m v\u00e0ng, b\u1ea1n ho\u00e0n to\u00e0n c\u00f3 th\u1ec3 tr\u1edf th\u00e0nh ch\u1ee7 nh\u00e2n c\u1ee7a kh\u1ed1i t\u00e0i s\u1ea3n kh\u1ed5ng l\u1ed3.<\/span><\/p>\n<table>\n<tbody>\n<tr>\n<td><span style=\"font-weight: 400;\">Th\u00f4ng s\u1ed1 k\u1ef9 thu\u1eadt<\/span><\/td>\n<td><span style=\"font-weight: 400;\">Gi\u00e1 tr\u1ecb chi ti\u1ebft<\/span><\/td>\n<td><span style=\"font-weight: 400;\">\u0110\u01a1n v\u1ecb t\u00ednh<\/span><\/td>\n<\/tr>\n<tr>\n<td><span style=\"font-weight: 400;\">S\u1ed1 l\u01b0\u1ee3ng tr\u00f2 ch\u01a1i<\/span><\/td>\n<td><span style=\"font-weight: 400;\">H\u01a1n 550 \u0111\u1ea7u game<\/span><\/td>\n<td><span style=\"font-weight: 400;\">Tr\u00f2 ch\u01a1i<\/span><\/td>\n<\/tr>\n<tr>\n<td><span style=\"font-weight: 400;\">T\u1ef7 l\u1ec7 RTP trung b\u00ecnh<\/span><\/td>\n<td><span style=\"font-weight: 400;\">97.2<\/span><\/td>\n<td><span style=\"font-weight: 400;\">Ph\u1ea7n tr\u0103m (%)<\/span><\/td>\n<\/tr>\n<tr>\n<td><span style=\"font-weight: 400;\">M\u1ee9c \u0111\u1eb7t c\u01b0\u1ee3c t\u1ed1i thi\u1ec3u<\/span><\/td>\n<td><span style=\"font-weight: 400;\">1<\/span><\/td>\n<td><span style=\"font-weight: 400;\">Vi\u1ec7t Nam \u0110\u1ed3ng<\/span><\/td>\n<\/tr>\n<tr>\n<td><span style=\"font-weight: 400;\">Gi\u1ea3i th\u01b0\u1edfng Jackpot t\u1ed1i \u0111a<\/span><\/td>\n<td><span style=\"font-weight: 400;\">10,000,000,000<\/span><\/td>\n<td><span style=\"font-weight: 400;\">Vi\u1ec7t Nam \u0110\u1ed3ng<\/span><\/td>\n<\/tr>\n<tr>\n<td><span style=\"font-weight: 400;\">T\u1ed1c \u0111\u1ed9 thanh to\u00e1n th\u01b0\u1edfng<\/span><\/td>\n<td><span style=\"font-weight: 400;\">D\u01b0\u1edbi 5<\/span><\/td>\n<td><span style=\"font-weight: 400;\">Ph\u00fat<\/span><\/td>\n<\/tr>\n<tr>\n<td><span style=\"font-weight: 400;\">Ch\u1ee9ng ch\u1ec9 v\u1eadn h\u00e0nh<\/span><\/td>\n<td><span style=\"font-weight: 400;\">iTech Labs &amp; BMM<\/span><\/td>\n<td><span style=\"font-weight: 400;\">T\u1ed5 ch\u1ee9c ki\u1ec3m \u0111\u1ecbnh<\/span><\/td>\n<\/tr>\n<\/tbody>\n<\/table>\n<h2><b>B\u00ed quy\u1ebft chinh ph\u1ee5c ti\u1ec1n th\u01b0\u1edfng l\u1edbn t\u1ea1i n\u1ed5 h\u0169 FI88<\/b><\/h2>\n<figure id=\"attachment_135\" aria-describedby=\"caption-attachment-135\" style=\"width: 800px\" class=\"wp-caption aligncenter\"><img loading=\"lazy\" decoding=\"async\" class=\"size-full wp-image-135\" src=\"https:\/\/fi88.host\/wp-content\/uploads\/2026\/04\/chien-luoc-quay-thuong-toi-uu-hieu-qua.webp\" alt=\"Chi\u1ebfn l\u01b0\u1ee3c quay th\u01b0\u1edfng t\u1ed1i \u01b0u hi\u1ec7u qu\u1ea3\" width=\"800\" height=\"400\" srcset=\"https:\/\/fi88.host\/wp-content\/uploads\/2026\/04\/chien-luoc-quay-thuong-toi-uu-hieu-qua.webp 800w, https:\/\/fi88.host\/wp-content\/uploads\/2026\/04\/chien-luoc-quay-thuong-toi-uu-hieu-qua-300x150.webp 300w, https:\/\/fi88.host\/wp-content\/uploads\/2026\/04\/chien-luoc-quay-thuong-toi-uu-hieu-qua-768x384.webp 768w\" sizes=\"auto, (max-width: 800px) 100vw, 800px\" \/><figcaption id=\"caption-attachment-135\" class=\"wp-caption-text\">Chi\u1ebfn l\u01b0\u1ee3c quay th\u01b0\u1edfng t\u1ed1i \u01b0u hi\u1ec7u qu\u1ea3<\/figcaption><\/figure>\n<p><span style=\"font-weight: 400;\">\u0110\u1ec3 \u0111\u1ea1t \u0111\u01b0\u1ee3c th\u00e0nh c\u00f4ng b\u1ec1n v\u1eefng trong lo\u1ea1i h\u00ecnh gi\u1ea3i tr\u00ed n\u00e0y, ng\u01b0\u1eddi ch\u01a1i <\/span><b>n\u1ed5 h\u0169 FI88 <\/b><span style=\"font-weight: 400;\">c\u1ea7n trang b\u1ecb cho m\u00ecnh nh\u1eefng ph\u01b0\u01a1ng ph\u00e1p ti\u1ebfp c\u1eadn khoa h\u1ecdc thay v\u00ec ch\u1ec9 d\u1ef1a d\u1eabm v\u00e0o y\u1ebfu t\u1ed1 may r\u1ee7i thu\u1ea7n t\u00fay. Vi\u1ec7c th\u1ea5u hi\u1ec3u c\u00e1c th\u00f4ng s\u1ed1 k\u1ef9 thu\u1eadt c\u0169ng nh\u01b0 n\u1eafm b\u1eaft quy lu\u1eadt v\u1eadn h\u00e0nh c\u1ee7a c\u00e1c gu\u1ed3ng quay s\u1ebd gi\u00fap b\u1ea1n l\u00e0m ch\u1ee7 cu\u1ed9c ch\u01a1i v\u00e0 t\u1ed1i \u01b0u h\u00f3a ngu\u1ed3n v\u1ed1n hi\u1ec7n c\u00f3.<\/span><\/p>\n<ul>\n<li style=\"font-weight: 400;\" aria-level=\"1\"><span style=\"font-weight: 400;\">L\u1ef1a ch\u1ecdn th\u1eddi \u0111i\u1ec3m tham gia ph\u00f9 h\u1ee3p \u0111\u00f3ng vai tr\u00f2 then ch\u1ed1t v\u00ec theo s\u1ed1 li\u1ec7u th\u1ed1ng k\u00ea, c\u00e1c khung gi\u1edd c\u00f3 l\u01b0\u1ee3ng ng\u01b0\u1eddi truy c\u1eadp v\u1eeba ph\u1ea3i th\u01b0\u1eddng d\u1ec5 k\u00edch ho\u1ea1t c\u01a1 ch\u1ebf n\u1ed5 h\u0169 h\u01a1n do thu\u1eadt to\u00e1n t\u00edch l\u0169y \u0111i\u1ec3m th\u01b0\u1edfng \u0111\u1ea1t ng\u01b0\u1ee1ng nhanh h\u01a1n.<\/span><\/li>\n<li style=\"font-weight: 400;\" aria-level=\"1\"><span style=\"font-weight: 400;\">Qu\u1ea3n l\u00fd ngu\u1ed3n v\u1ed1n m\u1ed9t c\u00e1ch th\u00f4ng minh b\u1eb1ng c\u00e1ch ph\u00e2n nh\u1ecf s\u1ed1 ti\u1ec1n c\u01b0\u1ee3c v\u00e0o nhi\u1ec1u d\u00f2ng kh\u00e1c nhau nh\u1eb1m gia t\u0103ng x\u00e1c su\u1ea5t tr\u00fang th\u01b0\u1edfng thay v\u00ec d\u1ed3n to\u00e0n b\u1ed9 t\u00e0i ch\u00ednh v\u00e0o m\u1ed9t l\u1ea7n quay duy nh\u1ea5t mang t\u00ednh r\u1ee7i ro cao.<\/span><\/li>\n<li style=\"font-weight: 400;\" aria-level=\"1\"><span style=\"font-weight: 400;\">Lu\u00f4n gi\u1eef v\u1eefng t\u00e2m l\u00fd \u1ed5n \u0111\u1ecbnh v\u00e0 bi\u1ebft c\u00e1ch d\u1eebng l\u1ea1i \u0111\u00fang l\u00fac khi \u0111\u00e3 \u0111\u1ea1t \u0111\u01b0\u1ee3c m\u1ee5c ti\u00eau l\u1ee3i nhu\u1eadn \u0111\u1ec1 ra ban \u0111\u1ea7u ho\u1eb7c khi g\u1eb7p chu\u1ed7i th\u1ea5t b\u1ea1i li\u00ean ti\u1ebfp nh\u1eb1m b\u1ea3o to\u00e0n ngu\u1ed3n v\u1ed1n cho nh\u1eefng phi\u00ean c\u01b0\u1ee3c ti\u1ec1m n\u0103ng h\u01a1n v\u00e0o ng\u00e0y h\u00f4m sau.<\/span><\/li>\n<\/ul>\n<h2><b>K\u1ebft lu\u1eadn<\/b><\/h2>\n<p><b>N\u1ed5 h\u0169 FI88<\/b><span style=\"font-weight: 400;\"> hi\u1ec7n \u0111ang kh\u1eb3ng \u0111\u1ecbnh v\u1ecb th\u1ebf l\u00e0 s\u00e2n ch\u01a1i gi\u1ea3i tr\u00ed c\u00f3 t\u1ef7 l\u1ec7 chuy\u1ec3n \u0111\u1ed5i l\u1ee3i nhu\u1eadn cao nh\u1ea5t th\u1ecb tr\u01b0\u1eddng nh\u1edd s\u1ef1 k\u1ebft h\u1ee3p gi\u1eefa h\u1ec7 th\u1ed1ng ph\u1ea7n th\u01b0\u1edfng \u0111a d\u1ea1ng v\u00e0 c\u01a1 ch\u1ebf v\u1eadn h\u00e0nh minh b\u1ea1ch tuy\u1ec7t \u0111\u1ed1i. H\u00e3y nhanh ch\u00f3ng th\u1ef1c hi\u1ec7n thao t\u00e1c \u0111\u0103ng k\u00fd th\u00e0nh vi\u00ean t\u1ea1i <\/span><b>FI88<\/b><span style=\"font-weight: 400;\"> ngay h\u00f4m nay \u0111\u1ec3 tr\u1ef1c ti\u1ebfp tr\u1ea3i nghi\u1ec7m nh\u1eefng v\u00f2ng quay \u0111\u1ecbnh m\u1ec7nh v\u00e0 mang v\u1ec1 nh\u1eefng ph\u1ea7n qu\u00e0 gi\u00e1 tr\u1ecb nh\u1ea5t.<\/span><\/p>\n","protected":false},"excerpt":{"rendered":"<p>N\u1ed5 H\u0169 FI88 &#8211; S\u1ea3nh Quay H\u0169 \u0110\u1ed5i Th\u01b0\u1edfng \u0110\u1eb3ng C\u1ea5p Nh\u1ea5t 2026 N\u1ed5 h\u0169 FI88 lu\u00f4n duy tr\u00ec v\u1ecb th\u1ebf d\u1eabn \u0111\u1ea7u tr\u00ean th\u1ecb tr\u01b0\u1eddng c\u00e1 c\u01b0\u1ee3c tr\u1ef1c tuy\u1ebfn. M\u1ecdi v\u00f2ng quay t\u1ea1i \u0111\u00e2y kh\u00f4ng ch\u1ec9 mang l\u1ea1i c\u1ea3m gi\u00e1c h\u1ed3i h\u1ed9p \u0111\u1ea7y ph\u1ea5n kh\u00edch m\u00e0 c\u00f2n m\u1edf ra nh\u1eefng c\u01a1 h\u1ed9i s\u1edf h\u1eefu [&#8230;]\n","protected":false},"author":1,"featured_media":137,"parent":0,"menu_order":0,"comment_status":"closed","ping_status":"closed","template":"","meta":{"footnotes":""},"class_list":["post-112","page","type-page","status-publish","has-post-thumbnail","hentry"],"_links":{"self":[{"href":"https:\/\/fi88.host\/index.php\/wp-json\/wp\/v2\/pages\/112","targetHints":{"allow":["GET"]}}],"collection":[{"href":"https:\/\/fi88.host\/index.php\/wp-json\/wp\/v2\/pages"}],"about":[{"href":"https:\/\/fi88.host\/index.php\/wp-json\/wp\/v2\/types\/page"}],"author":[{"embeddable":true,"href":"https:\/\/fi88.host\/index.php\/wp-json\/wp\/v2\/users\/1"}],"replies":[{"embeddable":true,"href":"https:\/\/fi88.host\/index.php\/wp-json\/wp\/v2\/comments?post=112"}],"version-history":[{"count":2,"href":"https:\/\/fi88.host\/index.php\/wp-json\/wp\/v2\/pages\/112\/revisions"}],"predecessor-version":[{"id":140,"href":"https:\/\/fi88.host\/index.php\/wp-json\/wp\/v2\/pages\/112\/revisions\/140"}],"wp:featuredmedia":[{"embeddable":true,"href":"https:\/\/fi88.host\/index.php\/wp-json\/wp\/v2\/media\/137"}],"wp:attachment":[{"href":"https:\/\/fi88.host\/index.php\/wp-json\/wp\/v2\/media?parent=112"}],"curies":[{"name":"wp","href":"https:\/\/api.w.org\/{rel}","templated":true}]}}