{"id":133,"date":"2026-04-14T09:06:59","date_gmt":"2026-04-14T09:06:59","guid":{"rendered":"https:\/\/fi88.host\/?page_id=133"},"modified":"2026-04-14T09:06:59","modified_gmt":"2026-04-14T09:06:59","slug":"the-thao-fi88","status":"publish","type":"page","link":"https:\/\/fi88.host\/index.php\/the-thao-fi88\/","title":{"rendered":"Th\u1ec3 Thao FI88"},"content":{"rendered":"<h1 style=\"text-align: center;\"><b>Th\u1ec3 Thao FI88 \u2013 S\u1ea3nh C\u01b0\u1ee3c Tr\u1ef1c Tuy\u1ebfn \u0110\u1eb3ng C\u1ea5p H\u00e0ng \u0110\u1ea7u<\/b><\/h1>\n<p><a href=\"https:\/\/fi88.host\/the-thao-fi88\/\"><b>Th\u1ec3 thao FI88<\/b><\/a><span style=\"font-weight: 400;\"> \u0111ang t\u1ea1o n\u00ean m\u1ed9t l\u00e0n s\u00f3ng b\u00f9ng n\u1ed5 trong c\u1ed9ng \u0111\u1ed3ng nh\u1eefng ng\u01b0\u1eddi \u0111am m\u00ea d\u1ef1 \u0111o\u00e1n k\u1ebft qu\u1ea3 tr\u1eadn \u0111\u1ea5u. Kh\u00e1ch h\u00e0ng khi tham gia t\u1ea1i \u0111\u00e2y kh\u00f4ng ch\u1ec9 \u0111\u01b0\u1ee3c h\u00f2a m\u00ecnh v\u00e0o kh\u00f4ng kh\u00ed s\u00f4i \u0111\u1ed9ng c\u1ee7a c\u00e1c gi\u1ea3i \u0111\u1ea5u l\u1edbn m\u00e0 c\u00f2n \u0111\u01b0\u1ee3c ti\u1ebfp c\u1eadn v\u1edbi nh\u1eefng ph\u00e2n t\u00edch chuy\u00ean s\u00e2u t\u1eeb \u0111\u1ed9i ng\u0169 chuy\u00ean gia h\u00e0ng \u0111\u1ea7u. \u0110\u00e2y th\u1ef1c s\u1ef1 l\u00e0 m\u1ed9t kh\u00f4ng gian l\u00fd t\u01b0\u1edfng \u0111\u1ec3 b\u1ea1n hi\u1ec7n th\u1ef1c h\u00f3a nh\u1eefng chi\u1ebfn thu\u1eadt \u0111\u1ea7u t\u01b0 th\u00f4ng minh v\u00e0 t\u00ecm ki\u1ebfm l\u1ee3i nhu\u1eadn b\u1ec1n v\u1eefng c\u00f9ng th\u01b0\u01a1ng hi\u1ec7u <\/span><a href=\"https:\/\/fi88.host\/\"><b>FI88<\/b><\/a><span style=\"font-weight: 400;\">.<\/span><\/p>\n<h2><b>Nh\u1eefng l\u1ee3i th\u1ebf \u0111\u1ed9c b\u1ea3n khi tham gia c\u01b0\u1ee3c th\u1ec3 thao FI88<\/b><\/h2>\n<figure id=\"attachment_150\" aria-describedby=\"caption-attachment-150\" style=\"width: 800px\" class=\"wp-caption aligncenter\"><img loading=\"lazy\" decoding=\"async\" class=\"size-full wp-image-150\" src=\"https:\/\/fi88.host\/wp-content\/uploads\/2026\/04\/tan-huong-gia-tri-khac-biet-tai-the-thao-fi88.webp\" alt=\"T\u1eadn h\u01b0\u1edfng gi\u00e1 tr\u1ecb kh\u00e1c bi\u1ec7t t\u1ea1i th\u1ec3 thao FI88\" width=\"800\" height=\"400\" srcset=\"https:\/\/fi88.host\/wp-content\/uploads\/2026\/04\/tan-huong-gia-tri-khac-biet-tai-the-thao-fi88.webp 800w, https:\/\/fi88.host\/wp-content\/uploads\/2026\/04\/tan-huong-gia-tri-khac-biet-tai-the-thao-fi88-300x150.webp 300w, https:\/\/fi88.host\/wp-content\/uploads\/2026\/04\/tan-huong-gia-tri-khac-biet-tai-the-thao-fi88-768x384.webp 768w\" sizes=\"auto, (max-width: 800px) 100vw, 800px\" \/><figcaption id=\"caption-attachment-150\" class=\"wp-caption-text\">T\u1eadn h\u01b0\u1edfng gi\u00e1 tr\u1ecb kh\u00e1c bi\u1ec7t t\u1ea1i th\u1ec3 thao FI88<\/figcaption><\/figure>\n<p><span style=\"font-weight: 400;\">N\u1ec1n t\u1ea3ng <\/span><b>th\u1ec3 thao FI88<\/b><span style=\"font-weight: 400;\"> g\u00e2y \u1ea5n t\u01b0\u1ee3ng m\u1ea1nh m\u1ebd nh\u1edd s\u1ef1 \u0111\u1ea7u t\u01b0 \u0111\u1ed3ng b\u1ed9 v\u00e0o h\u1ea1 t\u1ea7ng c\u00f4ng ngh\u1ec7 gi\u00fap m\u1ecdi thao t\u00e1c c\u1ee7a ng\u01b0\u1eddi d\u00f9ng lu\u00f4n \u0111\u1ea1t \u0111\u1ed9 m\u01b0\u1ee3t m\u00e0 tuy\u1ec7t \u0111\u1ed1i. M\u1ecdi th\u00f4ng s\u1ed1 v\u1ec1 t\u1ef7 l\u1ec7 Odds lu\u00f4n \u0111\u01b0\u1ee3c ni\u00eam y\u1ebft c\u00f4ng khai v\u00e0 \u0111i\u1ec1u ch\u1ec9nh linh ho\u1ea1t theo di\u1ec5n bi\u1ebfn th\u1ef1c t\u1ebf nh\u1eb1m \u0111\u1ea3m b\u1ea3o quy\u1ec1n l\u1ee3i t\u1ed1i \u0111a cho c\u00e1c th\u00e0nh vi\u00ean tham gia.<\/span><\/p>\n<h3><b>T\u1ef7 l\u1ec7 \u0103n th\u01b0\u1edfng si\u00eau c\u1ea1nh tranh<\/b><\/h3>\n<p><span style=\"font-weight: 400;\">H\u1ec7 th\u1ed1ng lu\u00f4n duy tr\u00ec m\u1ee9c l\u1ee3i nhu\u1eadn cho ng\u01b0\u1eddi ch\u01a1i cao h\u01a1n kho\u1ea3ng 5% so v\u1edbi m\u1eb7t b\u1eb1ng chung c\u1ee7a th\u1ecb tr\u01b0\u1eddng c\u00e1 c\u01b0\u1ee3c hi\u1ec7n nay. \u0110i\u1ec1u n\u00e0y cho ph\u00e9p c\u00e1c nh\u00e0 \u0111\u1ea7u t\u01b0 t\u1ed1i \u01b0u h\u00f3a d\u00f2ng v\u1ed1n v\u00e0 gia t\u0103ng \u0111\u00e1ng k\u1ec3 s\u1ed1 ti\u1ec1n nh\u1eadn v\u1ec1 sau m\u1ed7i phi\u00ean d\u1ef1 \u0111o\u00e1n ch\u00ednh x\u00e1c.<\/span><\/p>\n<h3><b>C\u00f4ng ngh\u1ec7 b\u1ea3o m\u1eadt hi\u1ec7n \u0111\u1ea1i<\/b><\/h3>\n<p><span style=\"font-weight: 400;\">M\u1ecdi th\u00f4ng tin c\u00e1 nh\u00e2n v\u00e0 l\u1ecbch s\u1eed giao d\u1ecbch \u0111\u1ec1u \u0111\u01b0\u1ee3c m\u00e3 h\u00f3a b\u1eb1ng ti\u00eau chu\u1ea9n SSL 128 bit nghi\u00eam ng\u1eb7t nh\u1ea5t th\u1ebf gi\u1edbi hi\u1ec7n nay. Ng\u01b0\u1eddi d\u00f9ng c\u00f3 th\u1ec3 ho\u00e0n to\u00e0n y\u00ean t\u00e2m t\u1eadn h\u01b0\u1edfng \u0111am m\u00ea m\u00e0 kh\u00f4ng c\u1ea7n lo l\u1eafng v\u1ec1 c\u00e1c r\u1ee7i ro li\u00ean quan \u0111\u1ebfn r\u00f2 r\u1ec9 d\u1eef li\u1ec7u ra b\u00ean ngo\u00e0i.<\/span><\/p>\n<h3><b>\u0110a d\u1ea1ng h\u00ecnh th\u1ee9c k\u00e8o th\u1ec3 thao FI88<\/b><\/h3>\n<p><span style=\"font-weight: 400;\">S\u00e2n ch\u01a1i cung c\u1ea5p \u0111\u1ea7y \u0111\u1ee7 c\u00e1c lo\u1ea1i h\u00ecnh t\u1eeb c\u01b0\u1ee3c ch\u1ea5p ch\u00e2u \u00c1, t\u00e0i x\u1ec9u cho \u0111\u1ebfn c\u00e1c k\u00e8o \u0111\u1eb7c bi\u1ec7t nh\u01b0 ph\u1ea1t g\u00f3c hay th\u1ebb ph\u1ea1t. S\u1ef1 phong ph\u00fa n\u00e0y m\u1edf ra v\u00f4 v\u00e0n l\u1ef1a ch\u1ecdn gi\u00fap bet th\u1ee7 d\u1ec5 d\u00e0ng t\u00ecm th\u1ea5y ph\u01b0\u01a1ng \u00e1n ph\u00f9 h\u1ee3p nh\u1ea5t v\u1edbi s\u1edf tr\u01b0\u1eddng ph\u00e2n t\u00edch c\u00e1 nh\u00e2n.<\/span><\/p>\n<h2><b>C\u00e1c s\u1ea3nh ch\u01a1i l\u00e0m n\u00ean th\u01b0\u01a1ng hi\u1ec7u th\u1ec3 thao FI88<\/b><\/h2>\n<figure id=\"attachment_148\" aria-describedby=\"caption-attachment-148\" style=\"width: 800px\" class=\"wp-caption aligncenter\"><img loading=\"lazy\" decoding=\"async\" class=\"size-full wp-image-148\" src=\"https:\/\/fi88.host\/wp-content\/uploads\/2026\/04\/khong-gian-giai-tri-ca-cuoc-da-dang-sanh.webp\" alt=\"Kh\u00f4ng gian gi\u1ea3i tr\u00ed c\u00e1 c\u01b0\u1ee3c \u0111a d\u1ea1ng s\u1ea3nh\" width=\"800\" height=\"400\" srcset=\"https:\/\/fi88.host\/wp-content\/uploads\/2026\/04\/khong-gian-giai-tri-ca-cuoc-da-dang-sanh.webp 800w, https:\/\/fi88.host\/wp-content\/uploads\/2026\/04\/khong-gian-giai-tri-ca-cuoc-da-dang-sanh-300x150.webp 300w, https:\/\/fi88.host\/wp-content\/uploads\/2026\/04\/khong-gian-giai-tri-ca-cuoc-da-dang-sanh-768x384.webp 768w\" sizes=\"auto, (max-width: 800px) 100vw, 800px\" \/><figcaption id=\"caption-attachment-148\" class=\"wp-caption-text\">Kh\u00f4ng gian gi\u1ea3i tr\u00ed c\u00e1 c\u01b0\u1ee3c \u0111a d\u1ea1ng s\u1ea3nh<\/figcaption><\/figure>\n<p><span style=\"font-weight: 400;\">Th\u01b0\u01a1ng hi\u1ec7u \u0111\u00e3 th\u1ef1c hi\u1ec7n vi\u1ec7c k\u00fd k\u1ebft h\u1ee3p t\u00e1c chi\u1ebfn l\u01b0\u1ee3c v\u1edbi c\u00e1c \u0111\u01a1n v\u1ecb ph\u00e1t h\u00e0nh tr\u00f2 ch\u01a1i danh ti\u1ebfng nh\u1ea5t khu v\u1ef1c \u0111\u1ec3 x\u00e2y d\u1ef1ng m\u1ed9t h\u1ec7 sinh th\u00e1i to\u00e0n di\u1ec7n. M\u1ed7i s\u1ea3nh c\u01b0\u1ee3c <\/span><b>th\u1ec3 thao FI88 <\/b><span style=\"font-weight: 400;\">\u0111\u1ec1u s\u1edf h\u1eefu nh\u1eefng \u0111\u1eb7c \u0111i\u1ec3m ri\u00eang bi\u1ec7t v\u1ec1 giao di\u1ec7n v\u00e0 phong c\u00e1ch ph\u1ee5c v\u1ee5, mang \u0111\u1ebfn nh\u1eefng c\u1ea3m x\u00fac m\u1edbi l\u1ea1 cho th\u00e0nh vi\u00ean sau m\u1ed7i l\u1ea7n truy c\u1eadp.<\/span><\/p>\n<h3><b>S\u1ea3nh Saba sports phong c\u00e1ch hi\u1ec7n \u0111\u1ea1i<\/b><\/h3>\n<p><span style=\"font-weight: 400;\">\u0110\u00e2y l\u00e0 n\u01a1i quy t\u1ee5 h\u00e0ng lo\u1ea1t gi\u1ea3i b\u00f3ng \u0111\u00e1 \u0111\u1ec9nh cao t\u1eeb c\u1ea5p \u0111\u1ed9 c\u00e2u l\u1ea1c b\u1ed9 \u0111\u1ebfn \u0111\u1ed9i tuy\u1ec3n qu\u1ed1c gia v\u1edbi t\u1ea7n su\u1ea5t c\u1eadp nh\u1eadt li\u00ean t\u1ee5c. Giao di\u1ec7n tr\u1ef1c quan gi\u00fap ng\u01b0\u1eddi d\u00f9ng d\u1ec5 d\u00e0ng theo d\u00f5i bi\u1ebfn \u0111\u1ed9ng t\u1ef7 l\u1ec7 k\u00e8o v\u00e0 \u0111\u01b0a ra quy\u1ebft \u0111\u1ecbnh \u0111\u1eb7t c\u01b0\u1ee3c v\u00e0o nh\u1eefng th\u1eddi \u0111i\u1ec3m v\u00e0ng.<\/span><\/p>\n<h3><b>S\u1ea3nh CMD368 uy t\u00edn l\u00e2u \u0111\u1eddi<\/b><\/h3>\n<p><span style=\"font-weight: 400;\">CMD368 n\u1ed5i ti\u1ebfng v\u1edbi s\u1ef1 \u1ed5n \u0111\u1ecbnh trong h\u1ec7 th\u1ed1ng v\u1eadn h\u00e0nh v\u00e0 kh\u1ea3 n\u0103ng cung c\u1ea5p c\u00e1c lo\u1ea1i k\u00e8o Running c\u1ef1c k\u1ef3 h\u1ea5p d\u1eabn trong tr\u1eadn. \u0110\u1eb7c bi\u1ec7t, t\u1ed1c \u0111\u1ed9 c\u1eadp nh\u1eadt k\u1ebft qu\u1ea3 t\u1ea1i \u0111\u00e2y lu\u00f4n nhanh ch\u00f3ng gi\u00fap ng\u01b0\u1eddi ch\u01a1i c\u00f3 c\u00e1i nh\u00ecn t\u1ed5ng quan nh\u1ea5t v\u1ec1 c\u1ee5c di\u1ec7n thi \u0111\u1ea5u th\u1ef1c t\u1ebf.<\/span><\/p>\n<h3><b>C\u00e1 c\u01b0\u1ee3c \u1ea3o t\u1ea1i th\u1ec3 thao FI88<\/b><\/h3>\n<p><span style=\"font-weight: 400;\">N\u1ebfu b\u1ea1n l\u00e0 ng\u01b0\u1eddi b\u1eadn r\u1ed9n, c\u00e1c tr\u1eadn \u0111\u1ea5u m\u00f4 ph\u1ecfng v\u1edbi th\u1eddi gian di\u1ec5n ra ch\u1ec9 t\u1eeb 3 \u0111\u1ebfn 5 ph\u00fat s\u1ebd l\u00e0 l\u1ef1a ch\u1ecdn v\u00f4 c\u00f9ng tuy\u1ec7t v\u1eddi. K\u1ebft qu\u1ea3 \u0111\u01b0\u1ee3c \u0111i\u1ec1u khi\u1ec3n b\u1edfi tr\u00ed tu\u1ec7 nh\u00e2n t\u1ea1o \u0111\u1ea3m b\u1ea3o s\u1ef1 ng\u1eabu nhi\u00ean v\u00e0 minh b\u1ea1ch, gi\u00fap ng\u01b0\u1eddi ch\u01a1i c\u00f3 th\u1ec3 tham gia gi\u1ea3i tr\u00ed b\u1ea5t k\u1ef3 l\u00fac n\u00e0o.<\/span><\/p>\n<h3><b>Ph\u00e2n kh\u00fac th\u1ec3 thao \u0111i\u1ec7n t\u1eed m\u1edbi<\/b><\/h3>\n<p><span style=\"font-weight: 400;\">Nh\u1eefng t\u1ef1a game \u0111\u1ed1i kh\u00e1ng nh\u01b0 LMHT, Dota 2 hay CS:GO \u0111\u1ec1u c\u00f3 m\u1eb7t tr\u00ean b\u1ea3ng \u0111i\u1ec7n t\u1eed v\u1edbi nh\u1eefng k\u00e8o c\u01b0\u1ee3c chuy\u00ean s\u00e2u \u0111\u1ea7y th\u00fa v\u1ecb. D\u01b0\u1edbi \u0111\u00e2y l\u00e0 b\u1ea3ng th\u1ed1ng k\u00ea chi ti\u1ebft v\u1ec1 l\u01b0u l\u01b0\u1ee3ng truy c\u1eadp v\u00e0 t\u1ef7 l\u1ec7 ho\u00e0n tr\u1ea3 t\u1ea1i c\u00e1c gi\u1ea3i \u0111\u1ea5u tr\u1ecdng \u0111i\u1ec3m \u0111\u01b0\u1ee3c ch\u00fang t\u00f4i t\u1ed5ng h\u1ee3p trong qu\u00fd g\u1ea7n nh\u1ea5t:<\/span><\/p>\n<table>\n<tbody>\n<tr>\n<td><span style=\"font-weight: 400;\">Lo\u1ea1i h\u00ecnh thi \u0111\u1ea5u<\/span><\/td>\n<td><span style=\"font-weight: 400;\">L\u01b0\u1ee3t ng\u01b0\u1eddi tham gia\/ng\u00e0y<\/span><\/td>\n<td><span style=\"font-weight: 400;\">T\u1ef7 l\u1ec7 ho\u00e0n tr\u1ea3 b\u00ecnh qu\u00e2n<\/span><\/td>\n<td><span style=\"font-weight: 400;\">S\u1ed1 l\u01b0\u1ee3ng k\u00e8o cung c\u1ea5p<\/span><\/td>\n<\/tr>\n<tr>\n<td><span style=\"font-weight: 400;\">B\u00f3ng \u0111\u00e1 qu\u1ed1c t\u1ebf<\/span><\/td>\n<td><span style=\"font-weight: 400;\">25.000+ ng\u01b0\u1eddi<\/span><\/td>\n<td><span style=\"font-weight: 400;\">1.25%<\/span><\/td>\n<td><span style=\"font-weight: 400;\">500+ lo\u1ea1i k\u00e8o<\/span><\/td>\n<\/tr>\n<tr>\n<td><span style=\"font-weight: 400;\">B\u00f3ng r\u1ed5 nh\u00e0 ngh\u1ec1<\/span><\/td>\n<td><span style=\"font-weight: 400;\">12.000+ ng\u01b0\u1eddi<\/span><\/td>\n<td><span style=\"font-weight: 400;\">1.10%<\/span><\/td>\n<td><span style=\"font-weight: 400;\">200+ lo\u1ea1i k\u00e8o<\/span><\/td>\n<\/tr>\n<tr>\n<td><span style=\"font-weight: 400;\">Th\u1ec3 thao \u0111i\u1ec7n t\u1eed<\/span><\/td>\n<td><span style=\"font-weight: 400;\">8.500+ ng\u01b0\u1eddi<\/span><\/td>\n<td><span style=\"font-weight: 400;\">1.15%<\/span><\/td>\n<td><span style=\"font-weight: 400;\">150+ lo\u1ea1i k\u00e8o<\/span><\/td>\n<\/tr>\n<tr>\n<td><span style=\"font-weight: 400;\">Qu\u1ea7n v\u1ee3t &amp; Golf<\/span><\/td>\n<td><span style=\"font-weight: 400;\">5.000+ ng\u01b0\u1eddi<\/span><\/td>\n<td><span style=\"font-weight: 400;\">1.05%<\/span><\/td>\n<td><span style=\"font-weight: 400;\">100+ lo\u1ea1i k\u00e8o<\/span><\/td>\n<\/tr>\n<\/tbody>\n<\/table>\n<h2><b>Quy tr\u00ecnh chinh ph\u1ee5c c\u00e1c k\u00e8o th\u1ec3 thao FI88 chu\u1ea9n<\/b><\/h2>\n<figure id=\"attachment_147\" aria-describedby=\"caption-attachment-147\" style=\"width: 800px\" class=\"wp-caption aligncenter\"><img loading=\"lazy\" decoding=\"async\" class=\"size-full wp-image-147\" src=\"https:\/\/fi88.host\/wp-content\/uploads\/2026\/04\/cac-buoc-tham-gia-du-doan-ket-qua-chuan.webp\" alt=\"C\u00e1c b\u01b0\u1edbc tham gia d\u1ef1 \u0111o\u00e1n k\u1ebft qu\u1ea3 chu\u1ea9n\" width=\"800\" height=\"400\" srcset=\"https:\/\/fi88.host\/wp-content\/uploads\/2026\/04\/cac-buoc-tham-gia-du-doan-ket-qua-chuan.webp 800w, https:\/\/fi88.host\/wp-content\/uploads\/2026\/04\/cac-buoc-tham-gia-du-doan-ket-qua-chuan-300x150.webp 300w, https:\/\/fi88.host\/wp-content\/uploads\/2026\/04\/cac-buoc-tham-gia-du-doan-ket-qua-chuan-768x384.webp 768w\" sizes=\"auto, (max-width: 800px) 100vw, 800px\" \/><figcaption id=\"caption-attachment-147\" class=\"wp-caption-text\">C\u00e1c b\u01b0\u1edbc tham gia d\u1ef1 \u0111o\u00e1n k\u1ebft qu\u1ea3 chu\u1ea9n<\/figcaption><\/figure>\n<p><span style=\"font-weight: 400;\">Vi\u1ec7c b\u1eaft \u0111\u1ea7u h\u00e0nh tr\u00ecnh t\u1ea1i <\/span><b>th\u1ec3 thao FI88 <\/b><span style=\"font-weight: 400;\">\u0111\u00f2i h\u1ecfi ng\u01b0\u1eddi ch\u01a1i ph\u1ea3i tu\u00e2n th\u1ee7 m\u1ed9t s\u1ed1 nguy\u00ean t\u1eafc c\u01a1 b\u1ea3n \u0111\u1ec3 \u0111\u1ea3m b\u1ea3o m\u1ecdi quy\u1ec1n l\u1ee3i ph\u00e1p l\u00fd v\u00e0 t\u00e0i ch\u00ednh. Khi n\u1eafm v\u1eefng c\u00e1c b\u01b0\u1edbc thao t\u00e1c, b\u1ea1n s\u1ebd ti\u1ebft ki\u1ec7m \u0111\u01b0\u1ee3c r\u1ea5t nhi\u1ec1u th\u1eddi gian v\u00e0 t\u1eadp trung ho\u00e0n to\u00e0n v\u00e0o vi\u1ec7c ph\u00e2n t\u00edch chuy\u00ean m\u00f4n cho c\u00e1c l\u1ef1a ch\u1ecdn c\u1ee7a m\u00ecnh.<\/span><\/p>\n<ul>\n<li style=\"font-weight: 400;\" aria-level=\"1\"><span style=\"font-weight: 400;\">\u0110\u1ea7u ti\u00ean, h\u00e3y truy c\u1eadp v\u00e0o trang ch\u1ee7 ch\u00ednh th\u1ee9c v\u00e0 th\u1ef1c hi\u1ec7n c\u00e1c b\u01b0\u1edbc thi\u1ebft l\u1eadp h\u1ed3 s\u01a1 c\u00e1 nh\u00e2n theo \u0111\u00fang \u0111\u1ecbnh d\u1ea1ng \u0111\u01b0\u1ee3c y\u00eau c\u1ea7u.<\/span><\/li>\n<li style=\"font-weight: 400;\" aria-level=\"1\"><span style=\"font-weight: 400;\">Ti\u1ebfn h\u00e0nh n\u1ea1p m\u1ed9t kho\u1ea3n ng\u00e2n s\u00e1ch nh\u1ea5t \u0111\u1ecbnh v\u00e0o v\u00ed \u0111i\u1ec7n t\u1eed th\u00f4ng qua c\u00e1c c\u1ed5ng thanh to\u00e1n an to\u00e0n m\u00e0 h\u1ec7 th\u1ed1ng cung c\u1ea5p s\u1eb5n.<\/span><\/li>\n<li style=\"font-weight: 400;\" aria-level=\"1\"><span style=\"font-weight: 400;\">Di chuy\u1ec3n \u0111\u1ebfn danh m\u1ee5c <\/span><b>th\u1ec3 thao FI88<\/b><span style=\"font-weight: 400;\"> tr\u00ean thanh c\u00f4ng c\u1ee5 ch\u00ednh \u0111\u1ec3 b\u1eaft \u0111\u1ea7u t\u00ecm ki\u1ebfm nh\u1eefng tr\u1eadn \u0111\u1ea5u m\u00e0 b\u1ea3n th\u00e2n c\u1ea3m th\u1ea5y t\u1ef1 tin nh\u1ea5t.<\/span><\/li>\n<li style=\"font-weight: 400;\" aria-level=\"1\"><span style=\"font-weight: 400;\">S\u1eed d\u1ee5ng c\u00e1c c\u00f4ng c\u1ee5 th\u1ed1ng k\u00ea v\u00e0 l\u1ecbch s\u1eed \u0111\u1ed1i \u0111\u1ea7u \u0111\u1ec3 s\u00e0ng l\u1ecdc ra nh\u1eefng c\u1eeda \u0111\u1eb7t c\u00f3 kh\u1ea3 n\u0103ng mang l\u1ea1i t\u1ef7 l\u1ec7 th\u1eafng cao nh\u1ea5t.<\/span><\/li>\n<li style=\"font-weight: 400;\" aria-level=\"1\"><span style=\"font-weight: 400;\">X\u00e1c nh\u1eadn phi\u1ebfu c\u01b0\u1ee3c v\u1edbi s\u1ed1 ti\u1ec1n mong mu\u1ed1n v\u00e0 ki\u1ec3m tra l\u1ea1i th\u00f4ng tin trong ph\u1ea7n l\u1ecbch s\u1eed \u0111\u1ec3 ch\u1eafc ch\u1eafn l\u1ec7nh \u0111\u00e3 \u0111\u01b0\u1ee3c h\u1ec7 th\u1ed1ng ghi nh\u1eadn.<\/span><\/li>\n<li style=\"font-weight: 400;\" aria-level=\"1\"><span style=\"font-weight: 400;\">Ng\u01b0\u1eddi ch\u01a1i c\u00f3 th\u1ec3 th\u1ef1c hi\u1ec7n r\u00fat l\u1ee3i nhu\u1eadn v\u1ec1 ng\u00e2n h\u00e0ng c\u00e1 nh\u00e2n b\u1ea5t c\u1ee9 l\u00fac n\u00e0o mi\u1ec5n l\u00e0 \u0111\u00e1p \u1ee9ng \u0111\u1ee7 c\u00e1c \u0111i\u1ec1u ki\u1ec7n v\u1ec1 v\u00f2ng c\u01b0\u1ee3c quy \u0111\u1ecbnh.<\/span><\/li>\n<\/ul>\n<h2><b>K\u1ebft lu\u1eadn<\/b><\/h2>\n<p><b>Th\u1ec3 thao FI88<\/b><span style=\"font-weight: 400;\"> t\u1ef1 h\u00e0o l\u00e0 \u0111i\u1ec3m d\u1eebng ch\u00e2n tin c\u1eady mang \u0111\u1ebfn s\u1ef1 an t\u00e2m tuy\u1ec7t \u0111\u1ed1i v\u00e0 nh\u1eefng tr\u1ea3i nghi\u1ec7m c\u00e1 c\u01b0\u1ee3c th\u0103ng hoa cho m\u1ecdi th\u00e0nh vi\u00ean tham gia. V\u1edbi s\u1ef1 minh b\u1ea1ch trong m\u1ecdi ho\u1ea1t \u0111\u1ed9ng c\u00f9ng c\u01a1 ch\u1ebf th\u01b0\u1edfng ph\u1ea1t r\u00f5 r\u00e0ng, \u0111\u00e2y ch\u00ednh l\u00e0 b\u1ec7 ph\u00f3ng gi\u00fap b\u1ea1n chinh ph\u1ee5c nh\u1eefng c\u1ed9t m\u1ed1c t\u00e0i ch\u00ednh m\u1edbi \u0111\u1ea7y \u1ea5n t\u01b0\u1ee3ng. H\u00e3y gia nh\u1eadp \u0111\u1ea1i gia \u0111\u00ecnh <\/span><b>FI88<\/b><span style=\"font-weight: 400;\"> ngay h\u00f4m nay \u0111\u1ec3 kh\u00f4ng b\u1ecf l\u1ee1 b\u1ea5t k\u1ef3 c\u01a1 h\u1ed9i \u0111\u1ea7u t\u01b0 b\u00e9o b\u1edf n\u00e0o t\u1eeb th\u1ebf gi\u1edbi b\u00f3ng \u0111\u00e1 \u0111\u1ea7y s\u00f4i \u0111\u1ed9ng.<\/span><\/p>\n","protected":false},"excerpt":{"rendered":"<p>Th\u1ec3 Thao FI88 \u2013 S\u1ea3nh C\u01b0\u1ee3c Tr\u1ef1c Tuy\u1ebfn \u0110\u1eb3ng C\u1ea5p H\u00e0ng \u0110\u1ea7u Th\u1ec3 thao FI88 \u0111ang t\u1ea1o n\u00ean m\u1ed9t l\u00e0n s\u00f3ng b\u00f9ng n\u1ed5 trong c\u1ed9ng \u0111\u1ed3ng nh\u1eefng ng\u01b0\u1eddi \u0111am m\u00ea d\u1ef1 \u0111o\u00e1n k\u1ebft qu\u1ea3 tr\u1eadn \u0111\u1ea5u. Kh\u00e1ch h\u00e0ng khi tham gia t\u1ea1i \u0111\u00e2y kh\u00f4ng ch\u1ec9 \u0111\u01b0\u1ee3c h\u00f2a m\u00ecnh v\u00e0o kh\u00f4ng kh\u00ed s\u00f4i \u0111\u1ed9ng c\u1ee7a c\u00e1c [&#8230;]\n","protected":false},"author":1,"featured_media":151,"parent":0,"menu_order":0,"comment_status":"closed","ping_status":"closed","template":"","meta":{"footnotes":""},"class_list":["post-133","page","type-page","status-publish","has-post-thumbnail","hentry"],"_links":{"self":[{"href":"https:\/\/fi88.host\/index.php\/wp-json\/wp\/v2\/pages\/133","targetHints":{"allow":["GET"]}}],"collection":[{"href":"https:\/\/fi88.host\/index.php\/wp-json\/wp\/v2\/pages"}],"about":[{"href":"https:\/\/fi88.host\/index.php\/wp-json\/wp\/v2\/types\/page"}],"author":[{"embeddable":true,"href":"https:\/\/fi88.host\/index.php\/wp-json\/wp\/v2\/users\/1"}],"replies":[{"embeddable":true,"href":"https:\/\/fi88.host\/index.php\/wp-json\/wp\/v2\/comments?post=133"}],"version-history":[{"count":2,"href":"https:\/\/fi88.host\/index.php\/wp-json\/wp\/v2\/pages\/133\/revisions"}],"predecessor-version":[{"id":153,"href":"https:\/\/fi88.host\/index.php\/wp-json\/wp\/v2\/pages\/133\/revisions\/153"}],"wp:featuredmedia":[{"embeddable":true,"href":"https:\/\/fi88.host\/index.php\/wp-json\/wp\/v2\/media\/151"}],"wp:attachment":[{"href":"https:\/\/fi88.host\/index.php\/wp-json\/wp\/v2\/media?parent=133"}],"curies":[{"name":"wp","href":"https:\/\/api.w.org\/{rel}","templated":true}]}}