{"id":45,"date":"2026-04-14T08:56:48","date_gmt":"2026-04-14T08:56:48","guid":{"rendered":"https:\/\/fi88.host\/?page_id=45"},"modified":"2026-04-14T08:56:48","modified_gmt":"2026-04-14T08:56:48","slug":"casino-fi88","status":"publish","type":"page","link":"https:\/\/fi88.host\/index.php\/casino-fi88\/","title":{"rendered":"Casino FI88"},"content":{"rendered":"<h1 style=\"text-align: center;\"><b>Casino FI88 &#8211; S\u1ea3nh C\u01b0\u1ee3c Gi\u1ea3i Tr\u00ed Tr\u1ef1c Tuy\u1ebfn \u0110\u1eb3ng C\u1ea5p<\/b><\/h1>\n<p><a href=\"https:\/\/fi88.host\/casino-fi88\/\"><b>Casino FI88<\/b><\/a><span style=\"font-weight: 400;\"> m\u1edf ra m\u1ed9t kh\u00f4ng gian c\u00e1 c\u01b0\u1ee3c chuy\u00ean nghi\u1ec7p v\u1edbi h\u1ec7 th\u1ed1ng truy\u1ec1n h\u00ecnh tr\u1ef1c ti\u1ebfp s\u1edf h\u1eefu \u0111\u1ed9 ph\u00e2n gi\u1ea3i 4K c\u1ef1c k\u1ef3 s\u1eafc n\u00e9t. C\u00e1c gamer s\u1ebd \u0111\u01b0\u1ee3c t\u1eadn h\u01b0\u1edfng c\u1ea3m gi\u00e1c ch\u00e2n th\u1ef1c nh\u01b0 \u0111ang ng\u1ed3i t\u1ea1i c\u00e1c s\u00f2ng b\u00e0i xa hoa b\u1eadc nh\u1ea5t th\u1ebf gi\u1edbi nh\u1edd s\u1ef1 d\u1eabn d\u1eaft c\u1ee7a d\u00e0n Dealer n\u00f3ng b\u1ecfng. \u0110\u00e2y ch\u00ednh l\u00e0 \u0111i\u1ec3m \u0111\u1ebfn h\u1ed9i t\u1ee5 \u0111\u1ea7y \u0111\u1ee7 c\u00e1c y\u1ebfu t\u1ed1 v\u1ec1 s\u1ef1 minh b\u1ea1ch v\u00e0 t\u1ef7 l\u1ec7 tr\u1ea3 th\u01b0\u1edfng cao h\u00e0ng \u0111\u1ea7u c\u1ee7a th\u01b0\u01a1ng hi\u1ec7u <\/span><a href=\"https:\/\/fi88.host\/\"><b>FI88<\/b><\/a><span style=\"font-weight: 400;\">.<\/span><\/p>\n<h2><b>Kh\u00e1m ph\u00e1 s\u1ef1 \u0111a d\u1ea1ng c\u00e1c s\u1ea3nh c\u01b0\u1ee3c t\u1ea1i casino FI88<\/b><\/h2>\n<figure id=\"attachment_103\" aria-describedby=\"caption-attachment-103\" style=\"width: 800px\" class=\"wp-caption aligncenter\"><img loading=\"lazy\" decoding=\"async\" class=\"size-full wp-image-103\" src=\"https:\/\/fi88.host\/wp-content\/uploads\/2026\/04\/tham-gia-dat-cuoc-tai-sanh-casino-fi88-chuyen-nghiep.webp\" alt=\"Tham gia \u0111\u1eb7t c\u01b0\u1ee3c t\u1ea1i s\u1ea3nh casino FI88 chuy\u00ean nghi\u1ec7p\" width=\"800\" height=\"400\" srcset=\"https:\/\/fi88.host\/wp-content\/uploads\/2026\/04\/tham-gia-dat-cuoc-tai-sanh-casino-fi88-chuyen-nghiep.webp 800w, https:\/\/fi88.host\/wp-content\/uploads\/2026\/04\/tham-gia-dat-cuoc-tai-sanh-casino-fi88-chuyen-nghiep-300x150.webp 300w, https:\/\/fi88.host\/wp-content\/uploads\/2026\/04\/tham-gia-dat-cuoc-tai-sanh-casino-fi88-chuyen-nghiep-768x384.webp 768w\" sizes=\"auto, (max-width: 800px) 100vw, 800px\" \/><figcaption id=\"caption-attachment-103\" class=\"wp-caption-text\">Tham gia \u0111\u1eb7t c\u01b0\u1ee3c t\u1ea1i s\u1ea3nh casino FI88 chuy\u00ean nghi\u1ec7p<\/figcaption><\/figure>\n<p><span style=\"font-weight: 400;\">H\u1ec7 sinh th\u00e1i gi\u1ea3i tr\u00ed t\u1ea1i <\/span><b>casino FI88<\/b><span style=\"font-weight: 400;\"> \u0111\u01b0\u1ee3c \u0111\u1ea7u t\u01b0 c\u1ef1c k\u1ef3 b\u00e0i b\u1ea3n v\u1edbi s\u1ef1 g\u00f3p m\u1eb7t c\u1ee7a nh\u1eefng \u0111\u01a1n v\u1ecb ph\u00e1t h\u00e0nh tr\u00f2 ch\u01a1i danh ti\u1ebfng nh\u1ea5t th\u1ebf gi\u1edbi. M\u1ed7i s\u1ea3nh \u0111\u1ea5u \u0111\u1ec1u mang m\u1ed9t phong c\u00e1ch ri\u00eang bi\u1ec7t t\u1eeb c\u1ed5 \u0111i\u1ec3n ch\u00e2u \u00c2u \u0111\u1ebfn hi\u1ec7n \u0111\u1ea1i ch\u00e2u \u00c1 \u0111\u1ec3 ph\u1ee5c v\u1ee5 nhu c\u1ea7u c\u1ee7a t\u1eebng \u0111\u1ed1i t\u01b0\u1ee3ng kh\u00e1ch h\u00e0ng. D\u01b0\u1edbi \u0111\u00e2y l\u00e0 b\u1ea3ng th\u00f4ng s\u1ed1 chi ti\u1ebft v\u1ec1 c\u00e1c s\u1ea3nh ch\u01a1i \u0111ang thu h\u00fat l\u01b0\u1ee3ng truy c\u1eadp kh\u1ed5ng l\u1ed3 m\u1ed7i ng\u00e0y:<\/span><\/p>\n<table>\n<tbody>\n<tr>\n<td><span style=\"font-weight: 400;\">T\u00ean s\u1ea3nh c\u01b0\u1ee3c<\/span><\/td>\n<td><span style=\"font-weight: 400;\">S\u1ed1 l\u01b0\u1ee3ng b\u00e0n<\/span><\/td>\n<td><span style=\"font-weight: 400;\">T\u1ef7 l\u1ec7 ho\u00e0n tr\u1ea3<\/span><\/td>\n<td><span style=\"font-weight: 400;\">M\u1ee9c c\u01b0\u1ee3c t\u1ed1i thi\u1ec3u<\/span><\/td>\n<td><span style=\"font-weight: 400;\">\u01afu \u0111i\u1ec3m n\u1ed5i b\u1eadt<\/span><\/td>\n<\/tr>\n<tr>\n<td><span style=\"font-weight: 400;\">AG Gaming<\/span><\/td>\n<td><span style=\"font-weight: 400;\">65 b\u00e0n<\/span><\/td>\n<td><span style=\"font-weight: 400;\">1.25%<\/span><\/td>\n<td><span style=\"font-weight: 400;\">10.000 VN\u0110<\/span><\/td>\n<td><span style=\"font-weight: 400;\">C\u00f4ng ngh\u1ec7 b\u1ea3o m\u1eadt cao<\/span><\/td>\n<\/tr>\n<tr>\n<td><span style=\"font-weight: 400;\">Evolution<\/span><\/td>\n<td><span style=\"font-weight: 400;\">120 b\u00e0n<\/span><\/td>\n<td><span style=\"font-weight: 400;\">1.10%<\/span><\/td>\n<td><span style=\"font-weight: 400;\">20.000 VN\u0110<\/span><\/td>\n<td><span style=\"font-weight: 400;\">Dealer chu\u1ea9n qu\u1ed1c t\u1ebf<\/span><\/td>\n<\/tr>\n<tr>\n<td><span style=\"font-weight: 400;\">AE Sexy<\/span><\/td>\n<td><span style=\"font-weight: 400;\">45 b\u00e0n<\/span><\/td>\n<td><span style=\"font-weight: 400;\">1.50%<\/span><\/td>\n<td><span style=\"font-weight: 400;\">5.000 VN\u0110<\/span><\/td>\n<td><span style=\"font-weight: 400;\">Giao di\u1ec7n th\u00e2n thi\u1ec7n<\/span><\/td>\n<\/tr>\n<tr>\n<td><span style=\"font-weight: 400;\">Dream Gaming<\/span><\/td>\n<td><span style=\"font-weight: 400;\">35 b\u00e0n<\/span><\/td>\n<td><span style=\"font-weight: 400;\">1.05%<\/span><\/td>\n<td><span style=\"font-weight: 400;\">50.000 VN\u0110<\/span><\/td>\n<td><span style=\"font-weight: 400;\">T\u01b0\u01a1ng t\u00e1c tr\u1ef1c ti\u1ebfp<\/span><\/td>\n<\/tr>\n<tr>\n<td><span style=\"font-weight: 400;\">Big Gaming<\/span><\/td>\n<td><span style=\"font-weight: 400;\">40 b\u00e0n<\/span><\/td>\n<td><span style=\"font-weight: 400;\">1.20%<\/span><\/td>\n<td><span style=\"font-weight: 400;\">10.000 VN\u0110<\/span><\/td>\n<td><span style=\"font-weight: 400;\">\u0110a d\u1ea1ng c\u00e1c lo\u1ea1i c\u01b0\u1ee3c<\/span><\/td>\n<\/tr>\n<\/tbody>\n<\/table>\n<p><span style=\"font-weight: 400;\">Vi\u1ec7c l\u1ef1a ch\u1ecdn m\u1ed9t s\u1ea3nh ch\u01a1i ph\u00f9 h\u1ee3p s\u1ebd gi\u00fap h\u1ed9i vi\u00ean t\u1ed1i \u01b0u h\u00f3a \u0111\u01b0\u1ee3c ngu\u1ed3n v\u1ed1n c\u0169ng nh\u01b0 gia t\u0103ng tr\u1ea3i nghi\u1ec7m c\u00e1 nh\u00e2n h\u00f3a. T\u1ea5t c\u1ea3 c\u00e1c k\u1ebft qu\u1ea3 t\u1ea1i <\/span><b>casino FI88<\/b><span style=\"font-weight: 400;\"> \u0111\u1ec1u \u0111\u01b0\u1ee3c gi\u00e1m s\u00e1t b\u1edfi c\u00e1c t\u1ed5 ch\u1ee9c c\u00e1 c\u01b0\u1ee3c qu\u1ed1c t\u1ebf nh\u1eb1m \u0111\u1ea3m b\u1ea3o t\u00ednh c\u00f4ng b\u1eb1ng tuy\u1ec7t \u0111\u1ed1i. Ng\u01b0\u1eddi ch\u01a1i c\u00f3 th\u1ec3 ho\u00e0n to\u00e0n y\u00ean t\u00e2m v\u1ec1 s\u1ef1 minh b\u1ea1ch trong t\u1eebng l\u00e1 b\u00e0i hay m\u1ed7i v\u00f2ng quay roulette t\u1ea1i h\u1ec7 th\u1ed1ng n\u00e0y.<\/span><\/p>\n<h2><b>Nh\u1eefng \u01b0u \u0111i\u1ec3m v\u01b0\u1ee3t tr\u1ed9i khi tr\u1ea3i nghi\u1ec7m t\u1ea1i casino FI88<\/b><\/h2>\n<figure id=\"attachment_98\" aria-describedby=\"caption-attachment-98\" style=\"width: 800px\" class=\"wp-caption aligncenter\"><img loading=\"lazy\" decoding=\"async\" class=\"size-full wp-image-98\" src=\"https:\/\/fi88.host\/wp-content\/uploads\/2026\/04\/cac-the-manh-noi-bat-cua-he-thong-giai-tri.webp\" alt=\"C\u00e1c th\u1ebf m\u1ea1nh n\u1ed5i b\u1eadt c\u1ee7a h\u1ec7 th\u1ed1ng gi\u1ea3i tr\u00ed\" width=\"800\" height=\"400\" srcset=\"https:\/\/fi88.host\/wp-content\/uploads\/2026\/04\/cac-the-manh-noi-bat-cua-he-thong-giai-tri.webp 800w, https:\/\/fi88.host\/wp-content\/uploads\/2026\/04\/cac-the-manh-noi-bat-cua-he-thong-giai-tri-300x150.webp 300w, https:\/\/fi88.host\/wp-content\/uploads\/2026\/04\/cac-the-manh-noi-bat-cua-he-thong-giai-tri-768x384.webp 768w\" sizes=\"auto, (max-width: 800px) 100vw, 800px\" \/><figcaption id=\"caption-attachment-98\" class=\"wp-caption-text\">C\u00e1c th\u1ebf m\u1ea1nh n\u1ed5i b\u1eadt c\u1ee7a h\u1ec7 th\u1ed1ng gi\u1ea3i tr\u00ed<\/figcaption><\/figure>\n<p><span style=\"font-weight: 400;\">H\u1ec7 th\u1ed1ng v\u1eadn h\u00e0nh hi\u1ec7n \u0111\u1ea1i gi\u00fap ng\u01b0\u1eddi ch\u01a1i th\u1ef1c hi\u1ec7n c\u00e1c thao t\u00e1c \u0111\u1eb7t c\u01b0\u1ee3c ch\u1ec9 trong t\u00edch t\u1eafc m\u00e0 kh\u00f4ng g\u1eb7p ph\u1ea3i s\u1ef1 c\u1ed1 gi\u1eadt lag. T\u1ea1i <\/span><b>casino FI88<\/b><span style=\"font-weight: 400;\">, m\u1ecdi k\u1ebft qu\u1ea3 \u0111\u1ec1u \u0111\u01b0\u1ee3c c\u00f4ng b\u1ed1 c\u00f4ng khai v\u00e0 \u0111\u1ea3m b\u1ea3o t\u00ednh ng\u1eabu nhi\u00ean nh\u1edd v\u00e0o thu\u1eadt to\u00e1n b\u1ea3o m\u1eadt ti\u00ean ti\u1ebfn nh\u1ea5t hi\u1ec7n nay.<\/span><\/p>\n<ul>\n<li style=\"font-weight: 400;\" aria-level=\"1\"><span style=\"font-weight: 400;\">H\u1ec7 th\u1ed1ng cung c\u1ea5p h\u01a1n 500 tr\u00f2 ch\u01a1i kh\u00e1c nhau gi\u00fap kh\u00e1ch h\u00e0ng c\u00f3 th\u1ec3 tho\u1ea3i m\u00e1i l\u1ef1a ch\u1ecdn theo chi\u1ebfn thu\u1eadt v\u00e0 s\u1edf th\u00edch c\u00e1 nh\u00e2n.<\/span><\/li>\n<li style=\"font-weight: 400;\" aria-level=\"1\"><span style=\"font-weight: 400;\">Quy tr\u00ecnh giao d\u1ecbch n\u1ea1p r\u00fat ti\u1ec1n \u0111\u01b0\u1ee3c th\u1ef1c hi\u1ec7n ho\u00e0n to\u00e0n t\u1ef1 \u0111\u1ed9ng gi\u00fap ti\u1ebft ki\u1ec7m th\u1eddi gian v\u00e0 \u0111\u1ea3m b\u1ea3o an to\u00e0n cho m\u1ecdi h\u1ed9i vi\u00ean.<\/span><\/li>\n<li style=\"font-weight: 400;\" aria-level=\"1\"><span style=\"font-weight: 400;\">T\u00e2n th\u1ee7 khi l\u1ea7n \u0111\u1ea7u tham gia c\u01b0\u1ee3c t\u1ea1i <\/span><b>casino FI88<\/b><span style=\"font-weight: 400;\"> s\u1ebd nh\u1eadn ngay g\u00f3i qu\u00e0 t\u1eb7ng ch\u00e0o m\u1eebng c\u00f3 gi\u00e1 tr\u1ecb l\u00ean \u0111\u1ebfn 6.888.000 \u0111\u1ed3ng.<\/span><\/li>\n<li style=\"font-weight: 400;\" aria-level=\"1\"><span style=\"font-weight: 400;\">\u0110\u1ed9i ng\u0169 nh\u00e2n vi\u00ean t\u01b0 v\u1ea5n c\u1ee7a nh\u00e0 c\u00e1i <\/span><b>FI88<\/b><span style=\"font-weight: 400;\"> lu\u00f4n t\u00fac tr\u1ef1c \u0111\u1ec3 h\u1ed7 tr\u1ee3 gi\u1ea3i quy\u1ebft m\u1ecdi kh\u00f3 kh\u0103n c\u1ee7a ng\u01b0\u1eddi ch\u01a1i m\u1ed9t c\u00e1ch nhanh nh\u1ea5t.<\/span><\/li>\n<li style=\"font-weight: 400;\" aria-level=\"1\"><span style=\"font-weight: 400;\">C\u00f4ng ngh\u1ec7 m\u00e3 h\u00f3a SSL 256-bit \u0111\u01b0\u1ee3c \u00e1p d\u1ee5ng nh\u1eb1m b\u1ea3o v\u1ec7 th\u00f4ng tin c\u00e1 nh\u00e2n v\u00e0 d\u1eef li\u1ec7u t\u00e0i ch\u00ednh c\u1ee7a kh\u00e1ch h\u00e0ng m\u1ed9t c\u00e1ch tuy\u1ec7t \u0111\u1ed1i.<\/span><\/li>\n<li style=\"font-weight: 400;\" aria-level=\"1\"><span style=\"font-weight: 400;\">T\u1ef7 l\u1ec7 \u0103n th\u01b0\u1edfng t\u1ea1i <\/span><b>casino FI88<\/b><span style=\"font-weight: 400;\"> \u0111\u01b0\u1ee3c \u0111\u00e1nh gi\u00e1 l\u00e0 c\u1ea1nh tranh nh\u1ea5t th\u1ecb tr\u01b0\u1eddng gi\u00fap ng\u01b0\u1eddi ch\u01a1i d\u1ec5 d\u00e0ng thu v\u1ec1 nh\u1eefng kho\u1ea3n l\u1ee3i nhu\u1eadn l\u1edbn.<\/span><\/li>\n<\/ul>\n<h2><b>B\u00ed quy\u1ebft gi\u00e0nh chi\u1ebfn th\u1eafng khi tham gia casino FI88 m\u1ed7i ng\u00e0y<\/b><\/h2>\n<figure id=\"attachment_102\" aria-describedby=\"caption-attachment-102\" style=\"width: 800px\" class=\"wp-caption aligncenter\"><img loading=\"lazy\" decoding=\"async\" class=\"size-full wp-image-102\" src=\"https:\/\/fi88.host\/wp-content\/uploads\/2026\/04\/kinh-nghiem-chinh-phuc-cac-ban-cuoc-truc-tuyen.webp\" alt=\"Kinh nghi\u1ec7m chinh ph\u1ee5c c\u00e1c b\u00e0n \u0111\u1ea5u tr\u1ef1c tuy\u1ebfn\" width=\"800\" height=\"400\" srcset=\"https:\/\/fi88.host\/wp-content\/uploads\/2026\/04\/kinh-nghiem-chinh-phuc-cac-ban-cuoc-truc-tuyen.webp 800w, https:\/\/fi88.host\/wp-content\/uploads\/2026\/04\/kinh-nghiem-chinh-phuc-cac-ban-cuoc-truc-tuyen-300x150.webp 300w, https:\/\/fi88.host\/wp-content\/uploads\/2026\/04\/kinh-nghiem-chinh-phuc-cac-ban-cuoc-truc-tuyen-768x384.webp 768w\" sizes=\"auto, (max-width: 800px) 100vw, 800px\" \/><figcaption id=\"caption-attachment-102\" class=\"wp-caption-text\">Kinh nghi\u1ec7m chinh ph\u1ee5c c\u00e1c b\u00e0n \u0111\u1ea5u tr\u1ef1c tuy\u1ebfn<\/figcaption><\/figure>\n<p><span style=\"font-weight: 400;\">Ng\u01b0\u1eddi tham gia <\/span><b>casino FI88<\/b><span style=\"font-weight: 400;\"> c\u1ea7n x\u00e2y d\u1ef1ng cho m\u00ecnh m\u1ed9t k\u1ebf ho\u1ea1ch qu\u1ea3n l\u00fd ngu\u1ed3n v\u1ed1n th\u00f4ng minh \u0111\u1ec3 tr\u00e1nh r\u01a1i v\u00e0o t\u00ecnh tr\u1ea1ng m\u1ea5t ki\u1ec3m so\u00e1t t\u00e0i ch\u00ednh. Vi\u1ec7c n\u1eafm r\u00f5 c\u00e1c quy t\u1eafc \u0111\u1eb7t c\u01b0\u1ee3c v\u00e0 quan s\u00e1t b\u1ea3ng l\u1ecbch s\u1eed k\u1ebft qu\u1ea3 s\u1ebd gi\u00fap b\u1ea1n t\u00ecm ra nh\u1eefng quy lu\u1eadt \u1ea9n gi\u1ea5u trong m\u1ed7i tr\u00f2 ch\u01a1i.<\/span><\/p>\n<h3><b>L\u1ef1a ch\u1ecdn tr\u00f2 ch\u01a1i ph\u00f9 h\u1ee3p<\/b><\/h3>\n<p><span style=\"font-weight: 400;\">M\u1ed7i b\u1ed9 m\u00f4n c\u00e1 c\u01b0\u1ee3c \u0111\u1ec1u c\u00f3 nh\u1eefng \u0111\u1eb7c th\u00f9 ri\u00eang v\u00e0 t\u1ef7 l\u1ec7 th\u1eafng kh\u00e1c nhau d\u00e0nh cho ng\u01b0\u1eddi tham gia. B\u1ea1n n\u00ean \u01b0u ti\u00ean nh\u1eefng tr\u00f2 ch\u01a1i m\u00e0 b\u1ea3n th\u00e2n \u0111\u00e3 am hi\u1ec3u t\u01b0\u1eddng t\u1eadn v\u1ec1 quy \u0111\u1ecbnh \u0111\u1ec3 gi\u1ea3m thi\u1ec3u t\u1ed1i \u0111a c\u00e1c r\u1ee7i ro. Th\u01b0\u01a1ng hi\u1ec7u <\/span><b>FI88<\/b><span style=\"font-weight: 400;\"> lu\u00f4n c\u1eadp nh\u1eadt c\u00e1c h\u01b0\u1edbng d\u1eabn chi ti\u1ebft gi\u00fap h\u1ed9i vi\u00ean m\u1edbi d\u1ec5 d\u00e0ng ti\u1ebfp c\u1eadn v\u00e0 l\u00e0m quen v\u1edbi nh\u1ecbp \u0111\u1ed9 v\u00e1n \u0111\u1ea5u.<\/span><\/p>\n<h3><b>Qu\u1ea3n l\u00fd v\u1ed1n<\/b><\/h3>\n<p><span style=\"font-weight: 400;\">Vi\u1ec7c ph\u00e2n b\u1ed5 ti\u1ec1n c\u01b0\u1ee3c th\u00e0nh nhi\u1ec1u ph\u1ea7n nh\u1ecf s\u1ebd gi\u00fap b\u1ea1n duy tr\u00ec \u0111\u01b0\u1ee3c th\u1eddi gian ch\u01a1i l\u00e2u h\u01a1n tr\u00ean c\u00e1c b\u00e0n \u0111\u1ea5u. \u0110\u1eebng bao gi\u1edd \u0111\u1eb7t c\u01b0\u1ee3c to\u00e0n b\u1ed9 s\u1ed1 ti\u1ec1n m\u00ecnh c\u00f3 v\u00e0o m\u1ed9t v\u00e1n duy nh\u1ea5t v\u00ec \u0111i\u1ec1u n\u00e0y ti\u1ec1m \u1ea9n r\u1ee7i ro tr\u1eafng tay c\u1ef1c l\u1edbn. Trong qu\u00e1 tr\u00ecnh tham gia <\/span><b>casino FI88<\/b><span style=\"font-weight: 400;\">, h\u00e3y x\u00e1c \u0111\u1ecbnh r\u00f5 ng\u01b0\u1ee1ng th\u1eafng v\u00e0 ng\u01b0\u1ee1ng thua \u0111\u1ec3 bi\u1ebft khi n\u00e0o c\u1ea7n d\u1eebng l\u1ea1i m\u1ed9t c\u00e1ch th\u00f4ng minh.<\/span><\/p>\n<h3><b>Gi\u1eef v\u1eefng t\u00e2m l\u00fd \u1ed5n \u0111\u1ecbnh<\/b><\/h3>\n<p><span style=\"font-weight: 400;\">S\u1ef1 t\u1ec9nh t\u00e1o l\u00e0 y\u1ebfu t\u1ed1 then ch\u1ed1t quy\u1ebft \u0111\u1ecbnh \u0111\u1ebfn s\u1ef1 th\u00e0nh b\u1ea1i c\u1ee7a m\u1ed7i c\u00e1 nh\u00e2n khi tham gia v\u00e0o c\u00e1c v\u00e1n c\u01b0\u1ee3c \u0111\u1ea7y k\u1ecbch t\u00ednh. B\u1ea1n kh\u00f4ng n\u00ean \u0111\u1eb7t c\u01b0\u1ee3c khi \u0111ang trong tr\u1ea1ng th\u00e1i m\u1ec7t m\u1ecfi ho\u1eb7c b\u1ecb \u1ea3nh h\u01b0\u1edfng b\u1edfi nh\u1eefng c\u1ea3m x\u00fac ti\u00eau c\u1ef1c t\u1eeb cu\u1ed9c s\u1ed1ng b\u00ean ngo\u00e0i. T\u1ea1i h\u1ec7 th\u1ed1ng <\/span><b>casino FI88<\/b><span style=\"font-weight: 400;\">, nh\u1eefng ng\u01b0\u1eddi gi\u1eef \u0111\u01b0\u1ee3c c\u00e1i \u0111\u1ea7u l\u1ea1nh th\u01b0\u1eddng c\u00f3 t\u1ef7 l\u1ec7 \u0111\u01b0a ra nh\u1eefng quy\u1ebft \u0111\u1ecbnh ch\u00ednh x\u00e1c cao h\u01a1n r\u1ea5t nhi\u1ec1u.<\/span><\/p>\n<h3><b>H\u1ecdc h\u1ecfi c\u00e1c chi\u1ebfn thu\u1eadt m\u1edbi<\/b><\/h3>\n<p><span style=\"font-weight: 400;\">C\u00e1c cao th\u1ee7 th\u01b0\u1eddng d\u00e0nh nhi\u1ec1u th\u1eddi gian \u0111\u1ec3 nghi\u00ean c\u1ee9u b\u1ea3ng th\u1ed1ng k\u00ea nh\u1eb1m d\u1ef1 \u0111o\u00e1n xu h\u01b0\u1edbng c\u1ee7a nh\u1eefng v\u00e1n c\u01b0\u1ee3c ti\u1ebfp theo. Vi\u1ec7c \u00e1p d\u1ee5ng linh ho\u1ea1t c\u00e1c chi\u1ebfn thu\u1eadt nh\u01b0 soi c\u1ea7u hay \u0111\u1eb7t c\u01b0\u1ee3c g\u1ea5p th\u1ebfp c\u1ea7n \u0111\u01b0\u1ee3c t\u00ednh to\u00e1n m\u1ed9t c\u00e1ch k\u1ef9 l\u01b0\u1ee1ng v\u00e0 khoa h\u1ecdc. Khi tham gia t\u1ea1i <\/span><b>casino FI88<\/b><span style=\"font-weight: 400;\">, vi\u1ec7c kh\u00f4ng ng\u1eebng t\u00edch l\u0169y kinh nghi\u1ec7m s\u1ebd gi\u00fap b\u1ea1n d\u1ea7n n\u00e2ng cao k\u1ef9 n\u0103ng v\u00e0 s\u1ef1 t\u1ef1 tin c\u1ee7a ch\u00ednh m\u00ecnh.<\/span><\/p>\n<h2><b>K\u1ebft lu\u1eadn<\/b><\/h2>\n<p><b>Casino FI88<\/b><span style=\"font-weight: 400;\"> ch\u00ednh l\u00e0 s\u1ef1 l\u1ef1a ch\u1ecdn ho\u00e0n h\u1ea3o cho nh\u1eefng ai \u0111ang t\u00ecm ki\u1ebfm m\u1ed9t m\u00f4i tr\u01b0\u1eddng c\u00e1 c\u01b0\u1ee3c chuy\u00ean nghi\u1ec7p, an to\u00e0n v\u00e0 \u0111\u1ea7y t\u00ednh \u0111\u1ed9t ph\u00e1. V\u1edbi vi\u1ec7c s\u1edf h\u1eefu nh\u1eefng t\u00ednh n\u0103ng \u01b0u vi\u1ec7t c\u00f9ng d\u1ecbch v\u1ee5 ch\u0103m s\u00f3c t\u1eadn t\u00e2m, \u0111\u1ecba ch\u1ec9 cam k\u1ebft mang l\u1ea1i s\u1ef1 h\u00e0i l\u00f2ng tuy\u1ec7t \u0111\u1ed1i cho m\u1ecdi kh\u00e1ch h\u00e0ng. H\u00e3y nhanh tay \u0111\u0103ng k\u00fd t\u00e0i kho\u1ea3n t\u1ea1i <\/span><b>FI88<\/b><span style=\"font-weight: 400;\"> ngay h\u00f4m nay \u0111\u1ec3 nh\u1eadn v\u1ec1 nh\u1eefng ph\u1ea7n qu\u00e0 gi\u00e1 tr\u1ecb v\u00e0 b\u1eaft \u0111\u1ea7u h\u00e0nh tr\u00ecnh chinh ph\u1ee5c nh\u1eefng gi\u1ea3i th\u01b0\u1edfng l\u1edbn!<\/span><\/p>\n","protected":false},"excerpt":{"rendered":"<p>Casino FI88 &#8211; S\u1ea3nh C\u01b0\u1ee3c Gi\u1ea3i Tr\u00ed Tr\u1ef1c Tuy\u1ebfn \u0110\u1eb3ng C\u1ea5p Casino FI88 m\u1edf ra m\u1ed9t kh\u00f4ng gian c\u00e1 c\u01b0\u1ee3c chuy\u00ean nghi\u1ec7p v\u1edbi h\u1ec7 th\u1ed1ng truy\u1ec1n h\u00ecnh tr\u1ef1c ti\u1ebfp s\u1edf h\u1eefu \u0111\u1ed9 ph\u00e2n gi\u1ea3i 4K c\u1ef1c k\u1ef3 s\u1eafc n\u00e9t. C\u00e1c gamer s\u1ebd \u0111\u01b0\u1ee3c t\u1eadn h\u01b0\u1edfng c\u1ea3m gi\u00e1c ch\u00e2n th\u1ef1c nh\u01b0 \u0111ang ng\u1ed3i t\u1ea1i c\u00e1c s\u00f2ng [&#8230;]\n","protected":false},"author":1,"featured_media":100,"parent":0,"menu_order":0,"comment_status":"closed","ping_status":"closed","template":"","meta":{"footnotes":""},"class_list":["post-45","page","type-page","status-publish","has-post-thumbnail","hentry"],"_links":{"self":[{"href":"https:\/\/fi88.host\/index.php\/wp-json\/wp\/v2\/pages\/45","targetHints":{"allow":["GET"]}}],"collection":[{"href":"https:\/\/fi88.host\/index.php\/wp-json\/wp\/v2\/pages"}],"about":[{"href":"https:\/\/fi88.host\/index.php\/wp-json\/wp\/v2\/types\/page"}],"author":[{"embeddable":true,"href":"https:\/\/fi88.host\/index.php\/wp-json\/wp\/v2\/users\/1"}],"replies":[{"embeddable":true,"href":"https:\/\/fi88.host\/index.php\/wp-json\/wp\/v2\/comments?post=45"}],"version-history":[{"count":3,"href":"https:\/\/fi88.host\/index.php\/wp-json\/wp\/v2\/pages\/45\/revisions"}],"predecessor-version":[{"id":107,"href":"https:\/\/fi88.host\/index.php\/wp-json\/wp\/v2\/pages\/45\/revisions\/107"}],"wp:featuredmedia":[{"embeddable":true,"href":"https:\/\/fi88.host\/index.php\/wp-json\/wp\/v2\/media\/100"}],"wp:attachment":[{"href":"https:\/\/fi88.host\/index.php\/wp-json\/wp\/v2\/media?parent=45"}],"curies":[{"name":"wp","href":"https:\/\/api.w.org\/{rel}","templated":true}]}}